{"id":8286,"date":"2022-11-30T11:30:43","date_gmt":"2022-11-30T11:30:43","guid":{"rendered":"http:\/\/www.suvag.hr\/?page_id=8286"},"modified":"2024-07-18T10:03:02","modified_gmt":"2024-07-18T08:03:02","slug":"narucivanje-za-eeg-u-budnosti-sa-cerebralnom-kartografijom-odrasli","status":"publish","type":"page","link":"https:\/\/www.suvag.hr\/en\/narucivanje-za-eeg-u-budnosti-sa-cerebralnom-kartografijom-odrasli\/","title":{"rendered":"Naru\u010divanje za EEG u budnosti sa cerebralnom kartografijom &#8211; ODRASLI"},"content":{"rendered":"\n<p><strong>Slu\u017eba za medicinsku dijagnostiku i funkcionalnu terapiju slu\u0161anja &#8211; Neurolo\u0161ka ordinacija<\/strong><\/p>\n\n\n\n<p><strong>Naru\u010divanje za EEG u budnosti sa cerebralnom kartografijom &#8211; ODRASLI<\/strong><\/p>\n\n\n\n<ul><li>Uz prethodno poslanu uputnicu u e \u2013 sustav od nadle\u017enog lije\u010dnika op\u0107e\/obiteljske medicine &#8211; <strong>(uputnica A3, \u0161ifra djelatnosti 2060000, neurologija)<\/strong><\/li><\/ul>\n\n\n\n<p>na e-mail: <a href=\"mailto:neuro@suvag.hr\">neuro@suvag.hr<\/a>\u00a0 \u00a0&#8211;\u00a0 <strong>(navesti ime i prezime, MBO &#8211; mati\u010dni broj osiguranika s zdravstvene iskaznice, te kontakt broj)<\/strong><br>telefon: +385-1-4629 633 <strong>od 12.30 do 13.30h<\/strong>.<\/p>\n\n\n\n<p>Prilikom naru\u010divanja na dijagnosti\u010dke preglede i pretrage <strong>obavezno<\/strong> je dostaviti Povijest bolesti putem emaila.<\/p>\n\n\n\n<p><span class=\"has-inline-color has-vivid-red-color\">Molimo Vas da se naru\u010dujete <strong>samo na jedan<\/strong> od ponu\u0111enih na\u010dina.<\/span><\/p>\n","protected":false},"excerpt":{"rendered":"<p>Slu\u017eba za medicinsku dijagnostiku i funkcionalnu terapiju slu\u0161anja &#8211; Neurolo\u0161ka ordinacija Naru\u010divanje za EEG u budnosti sa cerebralnom kartografijom &#8211; ODRASLI Uz prethodno poslanu uputnicu u e \u2013 sustav od nadle\u017enog lije\u010dnika op\u0107e\/obiteljske medicine &#8211; (uputnica A3, \u0161ifra djelatnosti 2060000, neurologija) na e-mail: neuro@suvag.hr\u00a0 \u00a0&#8211;\u00a0 (navesti ime i prezime, MBO &hellip; <a href=\"https:\/\/www.suvag.hr\/en\/narucivanje-za-eeg-u-budnosti-sa-cerebralnom-kartografijom-odrasli\/\">Cijeli tekst \/ Continue reading <span class=\"meta-nav\">&rarr;<\/span><\/a><\/p>\n","protected":false},"author":2,"featured_media":0,"parent":0,"menu_order":0,"comment_status":"closed","ping_status":"closed","template":"","meta":[],"_links":{"self":[{"href":"https:\/\/www.suvag.hr\/en\/wp-json\/wp\/v2\/pages\/8286"}],"collection":[{"href":"https:\/\/www.suvag.hr\/en\/wp-json\/wp\/v2\/pages"}],"about":[{"href":"https:\/\/www.suvag.hr\/en\/wp-json\/wp\/v2\/types\/page"}],"author":[{"embeddable":true,"href":"https:\/\/www.suvag.hr\/en\/wp-json\/wp\/v2\/users\/2"}],"replies":[{"embeddable":true,"href":"https:\/\/www.suvag.hr\/en\/wp-json\/wp\/v2\/comments?post=8286"}],"version-history":[{"count":6,"href":"https:\/\/www.suvag.hr\/en\/wp-json\/wp\/v2\/pages\/8286\/revisions"}],"predecessor-version":[{"id":9784,"href":"https:\/\/www.suvag.hr\/en\/wp-json\/wp\/v2\/pages\/8286\/revisions\/9784"}],"wp:attachment":[{"href":"https:\/\/www.suvag.hr\/en\/wp-json\/wp\/v2\/media?parent=8286"}],"curies":[{"name":"wp","href":"https:\/\/api.w.org\/{rel}","templated":true}]}}