{"id":7510,"date":"2022-01-11T13:49:06","date_gmt":"2022-01-11T13:49:06","guid":{"rendered":"http:\/\/www.suvag.hr\/?page_id=7510"},"modified":"2025-05-26T08:42:32","modified_gmt":"2025-05-26T06:42:32","slug":"skolski-list-cmok","status":"publish","type":"page","link":"https:\/\/www.suvag.hr\/en\/skolski-list-cmok\/","title":{"rendered":"\u0160kolski list CMOK"},"content":{"rendered":"\n<hr class=\"wp-block-separator\"\/>\n\n\n<p style=\"text-align: center;\"><strong>Impresum<br><\/strong><\/p>\n<p style=\"text-align: left;\">Naziv i sjedi\u0161te nakladnika: Poliklinika za rehabilitaciju slu\u0161anja i govora SUVAG<br>Kneza Ljudevita Posavskog 10<br>10000 Zagreb<br>Ime glavnog urednika: Gordana Ko\u0161\u0107ec Bousfield<br>Godina postavljanja publikacije na mre\u017eu: 2020.<br>Podatak o u\u010destalosti izla\u017eenja: godi\u0161nje<br>ISSN: 3047-9337<\/p>\n\n\n<hr class=\"wp-block-separator\"\/>\n\n\n\n<div class=\"wp-block-group\"><div class=\"wp-block-group__inner-container\">\n<div class=\"wp-block-columns\">\n<div class=\"wp-block-column\" style=\"flex-basis:100%\">\n<figure class=\"wp-block-table alignleft\"><table class=\"has-fixed-layout\"><tbody><tr><td> <a href=\"http:\/\/bit.ly\/cmok23\"><img loading=\"lazy\" width=\"521\" height=\"785\" class=\"wp-image-10916\" style=\"width: 150px;\" src=\"http:\/\/www.suvag.hr\/nova\/wp-content\/uploads\/CMOK23.png\" alt=\"\"><\/a><a rel=\"noreferrer noopener\" href=\"https:\/\/read.bookcreator.com\/YRcr6rfcP2Yd9soH9URM2u1acl83\/LpPIqFnfSgmGjHYar_MC8g\/2cjXdgcLTKerGnhyin1TyQ\" target=\"_blank\"><\/a><\/td><td>  <a rel=\"noreferrer noopener\" href=\"https:\/\/read.bookcreator.com\/YRcr6rfcP2Yd9soH9URM2u1acl83\/LpPIqFnfSgmGjHYar_MC8g\/2cjXdgcLTKerGnhyin1TyQ\" target=\"_blank\"><img src=\"http:\/\/www.suvag.hr\/nova\/wp-content\/uploads\/cmok22.png\" alt=\"CMOK22\"><\/a><a rel=\"noreferrer noopener\" href=\"https:\/\/read.bookcreator.com\/YRcr6rfcP2Yd9soH9URM2u1acl83\/a8Cz5XAhRleq1q4byYyoeA\" target=\"_blank\"><\/a><\/td><td>  <a rel=\"noreferrer noopener\" href=\"https:\/\/read.bookcreator.com\/YRcr6rfcP2Yd9soH9URM2u1acl83\/a8Cz5XAhRleq1q4byYyoeA\" target=\"_blank\"><img src=\"http:\/\/www.suvag.hr\/nova\/wp-content\/uploads\/CMOK21.png\" alt=\"CMOK21\"><\/a><a rel=\"noreferrer noopener\" href=\"https:\/\/read.bookcreator.com\/YRcr6rfcP2Yd9soH9URM2u1acl83\/bpLdgZN-RVmpHJU-v7VDbA\" target=\"_blank\"><\/a><\/td><\/tr><tr><td>  <a rel=\"noreferrer noopener\" href=\"https:\/\/read.bookcreator.com\/YRcr6rfcP2Yd9soH9URM2u1acl83\/bpLdgZN-RVmpHJU-v7VDbA\" target=\"_blank\"><img src=\"http:\/\/www.suvag.hr\/nova\/wp-content\/uploads\/SUVAG_CMOK-20.png\" alt=\"CMOK20\"><\/a><a rel=\"noreferrer noopener\" href=\"https:\/\/read.bookcreator.com\/YRcr6rfcP2Yd9soH9URM2u1acl83\/qKWhlDqMS_aKRBKNIJOprA\" target=\"_blank\"><\/a><\/td><td> <a rel=\"noreferrer noopener\" href=\"https:\/\/read.bookcreator.com\/YRcr6rfcP2Yd9soH9URM2u1acl83\/qKWhlDqMS_aKRBKNIJOprA\" target=\"_blank\"><img src=\"http:\/\/www.suvag.hr\/nova\/wp-content\/uploads\/cmok19-200.png\" alt=\"CMOK19\"><\/a><a rel=\"noreferrer noopener\" href=\"https:\/\/read.bookcreator.com\/75E6lH0AoUe2VfWACoKUzhSbLmQ2\/Oe4E7QGAS_2tSrxdYBTSFg\" target=\"_blank\"><\/a><\/td><td> <a rel=\"noreferrer noopener\" href=\"https:\/\/read.bookcreator.com\/75E6lH0AoUe2VfWACoKUzhSbLmQ2\/Oe4E7QGAS_2tSrxdYBTSFg\" target=\"_blank\"><img src=\"http:\/\/www.suvag.hr\/nova\/wp-content\/uploads\/cmok.png\" alt=\"CMOK19\"><\/a><\/td><\/tr><tr><td>\n\t\t<\/td><td>\n\t\t<\/td><td>\n\t\t<\/td><\/tr><tr><td>\n\t\t<\/td><td>\n\t\t<\/td><td>\n\t\t<\/td><\/tr><tr><td>\n\t\t<\/td><td>\n\t\t<\/td><td>\n\t\t<\/td><\/tr><\/tbody><\/table><\/figure>\n\n\n\n<hr class=\"wp-block-separator\"\/>\n<\/div>\n<\/div>\n<\/div><\/div>\n","protected":false},"excerpt":{"rendered":"<p>Impresum Naziv i sjedi\u0161te nakladnika: Poliklinika za rehabilitaciju slu\u0161anja i govora SUVAGKneza Ljudevita Posavskog 1010000 ZagrebIme glavnog urednika: Gordana Ko\u0161\u0107ec BousfieldGodina postavljanja publikacije na mre\u017eu: 2020.Podatak o u\u010destalosti izla\u017eenja: godi\u0161njeISSN: 3047-9337<\/p>\n","protected":false},"author":2,"featured_media":0,"parent":0,"menu_order":0,"comment_status":"closed","ping_status":"closed","template":"","meta":[],"_links":{"self":[{"href":"https:\/\/www.suvag.hr\/en\/wp-json\/wp\/v2\/pages\/7510"}],"collection":[{"href":"https:\/\/www.suvag.hr\/en\/wp-json\/wp\/v2\/pages"}],"about":[{"href":"https:\/\/www.suvag.hr\/en\/wp-json\/wp\/v2\/types\/page"}],"author":[{"embeddable":true,"href":"https:\/\/www.suvag.hr\/en\/wp-json\/wp\/v2\/users\/2"}],"replies":[{"embeddable":true,"href":"https:\/\/www.suvag.hr\/en\/wp-json\/wp\/v2\/comments?post=7510"}],"version-history":[{"count":14,"href":"https:\/\/www.suvag.hr\/en\/wp-json\/wp\/v2\/pages\/7510\/revisions"}],"predecessor-version":[{"id":10917,"href":"https:\/\/www.suvag.hr\/en\/wp-json\/wp\/v2\/pages\/7510\/revisions\/10917"}],"wp:attachment":[{"href":"https:\/\/www.suvag.hr\/en\/wp-json\/wp\/v2\/media?parent=7510"}],"curies":[{"name":"wp","href":"https:\/\/api.w.org\/{rel}","templated":true}]}}