{"id":1612,"date":"2013-03-27T10:49:58","date_gmt":"2013-03-27T10:49:58","guid":{"rendered":"http:\/\/www.suvag.hr\/?page_id=1612"},"modified":"2025-12-08T09:45:57","modified_gmt":"2025-12-08T07:45:57","slug":"vanjske-lokacije","status":"publish","type":"page","link":"https:\/\/www.suvag.hr\/en\/vanjske-lokacije\/","title":{"rendered":"Other locations"},"content":{"rendered":"<p><\/p>\n<ul>\n<li>Osnovna \u0160kola Davorina Trstenjaka, Zagreb, Kr\u010dka 3; tel. br.: 091\/4110 018<\/li>\n<li>Dom zdravlja Zagreb &#8211; Centar, Kruge 44, Zagreb (Trnje); tel. br.: 01\/ 6062-478<\/li>\n<li>Dom zdravlja Zagreb &#8211; Centar, Av.Holjevca 22, Novi Zagreb (Siget); tel. br.: 01\/ 6598-489<\/li>\n<li>Dom zdravlja Zagreb &#8211; Zapad, Vrabe\u010dak 4, Zagreb (Susedgrad); tel. br. 01\/ 3456-967 i 01\/ 4579-124<\/li>\n<li>Dom zdravlja Zagreb &#8211; Istok, Ivani\u0107gradska 38, Zagreb (Pe\u0161\u0107enica); tel. br.: 01\/ 2330-759<\/li>\n<li>Dom zdravlja Zagreb &#8211; Istok, Gri\u017eanska 4, Zagreb (Dubrava); tel. br.: 01\/ 2960-419<\/li>\n<li>Dom zdravlja Zagreb &#8211; Istok, Ninska 10, Sesvete; tel. br.: 01\/ 2050-747<\/li>\n<li>Dom zdravlja Zagreb &#8211; Istok, \u017ditnjak 59, Zagreb; tel. brojevi: logopedska soba: 01\/ 7816-454, soba polisenzorike: 01\/ 7816-452 i soba psihologa: 01\/ 7816-451<\/li>\n<li>Zdravstveni centar Zapre\u0161i\u0107 &#8211; Sjever, Mokri\u010dka ulica 54, Zapre\u0161i\u0107; tel. br.: 01\/ 5525-694<\/li>\n<li>Dom zdravlja Zagreba\u010dke \u017eupanije, Ljudevita Gaja 37, Samobor; tel. br.: 01\/ 3330-764<\/li>\n<li>Dom zdravlja Zagreba\u010dke \u017eupanije, Ispostava Velika Gorica, Matice Hrvatske 5, Velika Gorica; tel. br.: 01\/ 6379-782<\/li>\n<li>Dom zdravlja Zagreba\u010dke \u017eupanije, Ispostava Dugo Selo, Dragutina Domjani\u0107a 12a, Dugo Selo; tel. br.: 01\/ 2785-509<\/li>\n<\/ul>\n<p><\/p>","protected":false},"excerpt":{"rendered":"<p>Osnovna \u0160kola Davorina Trstenjaka, Zagreb, Kr\u010dka 3; tel. br.: 091\/4110 018 Dom zdravlja Zagreb &#8211; Centar, Kruge 44, Zagreb (Trnje); tel. br.: 01\/ 6062-478 Dom zdravlja Zagreb &#8211; Centar, Av.Holjevca 22, Novi Zagreb (Siget); tel. br.: 01\/ 6598-489 Dom zdravlja Zagreb &#8211; Zapad, Vrabe\u010dak 4, Zagreb (Susedgrad); tel. br. 01\/ &hellip; <a href=\"https:\/\/www.suvag.hr\/en\/vanjske-lokacije\/\">Cijeli tekst \/ Continue reading <span class=\"meta-nav\">&rarr;<\/span><\/a><\/p>\n","protected":false},"author":1,"featured_media":0,"parent":0,"menu_order":0,"comment_status":"closed","ping_status":"closed","template":"","meta":[],"_links":{"self":[{"href":"https:\/\/www.suvag.hr\/en\/wp-json\/wp\/v2\/pages\/1612"}],"collection":[{"href":"https:\/\/www.suvag.hr\/en\/wp-json\/wp\/v2\/pages"}],"about":[{"href":"https:\/\/www.suvag.hr\/en\/wp-json\/wp\/v2\/types\/page"}],"author":[{"embeddable":true,"href":"https:\/\/www.suvag.hr\/en\/wp-json\/wp\/v2\/users\/1"}],"replies":[{"embeddable":true,"href":"https:\/\/www.suvag.hr\/en\/wp-json\/wp\/v2\/comments?post=1612"}],"version-history":[{"count":34,"href":"https:\/\/www.suvag.hr\/en\/wp-json\/wp\/v2\/pages\/1612\/revisions"}],"predecessor-version":[{"id":11411,"href":"https:\/\/www.suvag.hr\/en\/wp-json\/wp\/v2\/pages\/1612\/revisions\/11411"}],"wp:attachment":[{"href":"https:\/\/www.suvag.hr\/en\/wp-json\/wp\/v2\/media?parent=1612"}],"curies":[{"name":"wp","href":"https:\/\/api.w.org\/{rel}","templated":true}]}}