{"id":10355,"date":"2024-11-13T12:47:27","date_gmt":"2024-11-13T10:47:27","guid":{"rendered":"http:\/\/www.suvag.hr\/?page_id=10355"},"modified":"2024-12-18T15:57:56","modified_gmt":"2024-12-18T13:57:56","slug":"n-orl-fon","status":"publish","type":"page","link":"https:\/\/www.suvag.hr\/en\/n-orl-fon\/","title":{"rendered":"FONIJATRIJSKI ORL PREGLED SA ENDOSKOPIJOM &#8211; naru\u010divanje"},"content":{"rendered":"\n<ul><li><strong>telefonom&nbsp;<\/strong>na broj: +385-1- 4629-630<\/li><li><strong>posredstvom izabranog lije\u010dnika (e-naru\u010divanje)<\/strong><\/li><li><strong>e-mailom<\/strong>:&nbsp;<a href=\"mailto:narucivanje@suvag.hr\">narucivanje@suvag.hr<\/a><\/li><\/ul>\n\n\n\n<p>* Prilikom naru\u010divanja obavezno je:<\/p>\n\n\n\n<ol type=\"1\"><li>navesti ime i prezime, MBO \u2013 mati\u010dni broj osiguranika s zdravstvene iskaznice, te kontakt tel. broj<\/li><li>pripremiti povijest bolesti kod naru\u010divanja telefonom ili dostaviti povijest bolesti kod naru\u010divanja putem e-maila.<\/li><\/ol>\n\n\n\n<p>* Prilikom dolaska na dijagnosti\u010dke pretrage obavezno je donijeti dosada\u0161nju medicinsku dokumentaciju.<\/p>\n","protected":false},"excerpt":{"rendered":"<p>telefonom&nbsp;na broj: +385-1- 4629-630 posredstvom izabranog lije\u010dnika (e-naru\u010divanje) e-mailom:&nbsp;narucivanje@suvag.hr * Prilikom naru\u010divanja obavezno je: navesti ime i prezime, MBO \u2013 mati\u010dni broj osiguranika s zdravstvene iskaznice, te kontakt tel. broj pripremiti povijest bolesti kod naru\u010divanja telefonom ili dostaviti povijest bolesti kod naru\u010divanja putem e-maila. * Prilikom dolaska na dijagnosti\u010dke pretrage &hellip; <a href=\"https:\/\/www.suvag.hr\/en\/n-orl-fon\/\">Cijeli tekst \/ Continue reading <span class=\"meta-nav\">&rarr;<\/span><\/a><\/p>\n","protected":false},"author":1,"featured_media":0,"parent":0,"menu_order":0,"comment_status":"closed","ping_status":"closed","template":"","meta":[],"_links":{"self":[{"href":"https:\/\/www.suvag.hr\/en\/wp-json\/wp\/v2\/pages\/10355"}],"collection":[{"href":"https:\/\/www.suvag.hr\/en\/wp-json\/wp\/v2\/pages"}],"about":[{"href":"https:\/\/www.suvag.hr\/en\/wp-json\/wp\/v2\/types\/page"}],"author":[{"embeddable":true,"href":"https:\/\/www.suvag.hr\/en\/wp-json\/wp\/v2\/users\/1"}],"replies":[{"embeddable":true,"href":"https:\/\/www.suvag.hr\/en\/wp-json\/wp\/v2\/comments?post=10355"}],"version-history":[{"count":5,"href":"https:\/\/www.suvag.hr\/en\/wp-json\/wp\/v2\/pages\/10355\/revisions"}],"predecessor-version":[{"id":10516,"href":"https:\/\/www.suvag.hr\/en\/wp-json\/wp\/v2\/pages\/10355\/revisions\/10516"}],"wp:attachment":[{"href":"https:\/\/www.suvag.hr\/en\/wp-json\/wp\/v2\/media?parent=10355"}],"curies":[{"name":"wp","href":"https:\/\/api.w.org\/{rel}","templated":true}]}}