{"id":10243,"date":"2024-10-22T09:36:42","date_gmt":"2024-10-22T07:36:42","guid":{"rendered":"http:\/\/www.suvag.hr\/?page_id=10243"},"modified":"2024-12-18T16:02:26","modified_gmt":"2024-12-18T14:02:26","slug":"n-logoped-neurogeni","status":"publish","type":"page","link":"https:\/\/www.suvag.hr\/en\/n-logoped-neurogeni\/","title":{"rendered":"LOGOPEDSKA DIJAGNOSTIKA ODRASLIH I DJECE SA STE\u010cENIM NEUROGENIM POREME\u0106AJIMA &#8211; naru\u010divanje"},"content":{"rendered":"<p>Odnosi se isklju\u010divo na&nbsp; odrasle i djecu sa ste\u010denim neurogenim jezi\u010dnim, govornim, komunikacijskim poreme\u0107ajima i poreme\u0107ajima gutanja nastalih kao posljedica mo\u017edanog udara, traumatske ozljede mozga, infekcije mozga, tumora na mozgu ili neurodegenerativne bolesti (Afazija, Dizartrija kod Parkinsonove bolesti i drugih neurogenih bolesti).<\/p>\n<p>Naru\u010divanje je mogu\u0107e :<\/p>\n<ul>\n<li><strong>telefonom<\/strong> na broj: 01\/4629-772<\/li>\n<li><strong>e-mailom<\/strong>: <a href=\"mailto:klice@suvag.hr\">klice@suvag.hr<\/a> ili <a href=\"mailto:mvukovic@suvag.hr\">mvukovic@suvag.hr<\/a> . Podaci u e-mailu trebaju sadr\u017eavati: <strong>ime i prezime<\/strong>, <strong>datum ro\u0111enja<\/strong>, <strong>razlog dolaska<\/strong> i <strong>broj telefona za kontakt<\/strong><\/li>\n<\/ul>\n<p>* Dogovorenu logopedsku dijagnostiku potrebno je pravovremeno otkazati na broj tel: 01\/4629-772 ili elektroni\u010dkim putem:&nbsp; <a href=\"mailto:klice@suvag.hr\">klice@suvag.hr<\/a> ili <a href=\"mailto:mvukovic@suvag.hr\">mvukovic@suvag.hr<\/a> u slu\u010daju sprije\u010denosti dolaska na rezervirani termin.<\/p>\n","protected":false},"excerpt":{"rendered":"<p>Odnosi se isklju\u010divo na&nbsp; odrasle i djecu sa ste\u010denim neurogenim jezi\u010dnim, govornim, komunikacijskim poreme\u0107ajima i poreme\u0107ajima gutanja nastalih kao posljedica mo\u017edanog udara, traumatske ozljede mozga, infekcije mozga, tumora na mozgu ili neurodegenerativne bolesti (Afazija, Dizartrija kod Parkinsonove bolesti i drugih neurogenih bolesti). Naru\u010divanje je mogu\u0107e : telefonom na broj: 01\/4629-772 &hellip; <a href=\"https:\/\/www.suvag.hr\/en\/n-logoped-neurogeni\/\">Cijeli tekst \/ Continue reading <span class=\"meta-nav\">&rarr;<\/span><\/a><\/p>\n","protected":false},"author":1,"featured_media":0,"parent":0,"menu_order":0,"comment_status":"closed","ping_status":"closed","template":"","meta":[],"_links":{"self":[{"href":"https:\/\/www.suvag.hr\/en\/wp-json\/wp\/v2\/pages\/10243"}],"collection":[{"href":"https:\/\/www.suvag.hr\/en\/wp-json\/wp\/v2\/pages"}],"about":[{"href":"https:\/\/www.suvag.hr\/en\/wp-json\/wp\/v2\/types\/page"}],"author":[{"embeddable":true,"href":"https:\/\/www.suvag.hr\/en\/wp-json\/wp\/v2\/users\/1"}],"replies":[{"embeddable":true,"href":"https:\/\/www.suvag.hr\/en\/wp-json\/wp\/v2\/comments?post=10243"}],"version-history":[{"count":8,"href":"https:\/\/www.suvag.hr\/en\/wp-json\/wp\/v2\/pages\/10243\/revisions"}],"predecessor-version":[{"id":10523,"href":"https:\/\/www.suvag.hr\/en\/wp-json\/wp\/v2\/pages\/10243\/revisions\/10523"}],"wp:attachment":[{"href":"https:\/\/www.suvag.hr\/en\/wp-json\/wp\/v2\/media?parent=10243"}],"curies":[{"name":"wp","href":"https:\/\/api.w.org\/{rel}","templated":true}]}}