{"id":10204,"date":"2024-10-18T09:15:11","date_gmt":"2024-10-18T07:15:11","guid":{"rendered":"http:\/\/www.suvag.hr\/?page_id=10204"},"modified":"2024-12-18T16:00:50","modified_gmt":"2024-12-18T14:00:50","slug":"n-psihijatar","status":"publish","type":"page","link":"https:\/\/www.suvag.hr\/en\/n-psihijatar\/","title":{"rendered":"PSIHIJATRIJSKI PREGLED &#8211; naru\u010divanje"},"content":{"rendered":"<ul>\n<li><strong>posredstvom izabranog lije\u010dnika (e-naru\u010divanje)<\/strong><\/li>\n<li><strong>osobnim dolaskom<\/strong> u Zgradu medicinske dijagnostike Poliklinike SUVAG (ulaz iz Lepu\u0161i\u0107eve), prijemni \u0161alter od 7.30h do 19.00h<\/li>\n<li><strong>telefonom <\/strong>na broj: +385-1- 4629-629<\/li>\n<li><strong>e-mailom<\/strong>: <a href=\"mailto:narucivanje@suvag.hr\">narucivanje@suvag.hr<\/a><\/li>\n<\/ul>\n<p>* NA ZAKAZANI PREGLED DONESITE DOSADA\u0160NJU MEDICINSKU DOKUMENTACIJU.<\/p>\n","protected":false},"excerpt":{"rendered":"<p>posredstvom izabranog lije\u010dnika (e-naru\u010divanje) osobnim dolaskom u Zgradu medicinske dijagnostike Poliklinike SUVAG (ulaz iz Lepu\u0161i\u0107eve), prijemni \u0161alter od 7.30h do 19.00h telefonom na broj: +385-1- 4629-629 e-mailom: narucivanje@suvag.hr * NA ZAKAZANI PREGLED DONESITE DOSADA\u0160NJU MEDICINSKU DOKUMENTACIJU.<\/p>\n","protected":false},"author":1,"featured_media":0,"parent":0,"menu_order":0,"comment_status":"closed","ping_status":"closed","template":"","meta":[],"_links":{"self":[{"href":"https:\/\/www.suvag.hr\/en\/wp-json\/wp\/v2\/pages\/10204"}],"collection":[{"href":"https:\/\/www.suvag.hr\/en\/wp-json\/wp\/v2\/pages"}],"about":[{"href":"https:\/\/www.suvag.hr\/en\/wp-json\/wp\/v2\/types\/page"}],"author":[{"embeddable":true,"href":"https:\/\/www.suvag.hr\/en\/wp-json\/wp\/v2\/users\/1"}],"replies":[{"embeddable":true,"href":"https:\/\/www.suvag.hr\/en\/wp-json\/wp\/v2\/comments?post=10204"}],"version-history":[{"count":2,"href":"https:\/\/www.suvag.hr\/en\/wp-json\/wp\/v2\/pages\/10204\/revisions"}],"predecessor-version":[{"id":10208,"href":"https:\/\/www.suvag.hr\/en\/wp-json\/wp\/v2\/pages\/10204\/revisions\/10208"}],"wp:attachment":[{"href":"https:\/\/www.suvag.hr\/en\/wp-json\/wp\/v2\/media?parent=10204"}],"curies":[{"name":"wp","href":"https:\/\/api.w.org\/{rel}","templated":true}]}}