{"id":10185,"date":"2024-10-18T08:36:34","date_gmt":"2024-10-18T06:36:34","guid":{"rendered":"http:\/\/www.suvag.hr\/?page_id=10185"},"modified":"2024-12-18T15:59:30","modified_gmt":"2024-12-18T13:59:30","slug":"n-neurolog-pregled","status":"publish","type":"page","link":"https:\/\/www.suvag.hr\/en\/n-neurolog-pregled\/","title":{"rendered":"SPECIJALISTI\u010cKI PREGLED NEUROLOGA &#8211; DJECA S NAVR\u0160ENIH 6 GODINA I VI\u0160E TE ODRASLI &#8211; naru\u010divanje"},"content":{"rendered":"<ul>\n<li><strong>posredstvom izabranog lije\u010dnika (e-naru\u010divanje)<\/strong><\/li>\n<li><strong>e-mailom<\/strong>:&nbsp;<a href=\"mailto:narucivanje@suvag.hr\">narucivanje@suvag.hr<\/a><\/li>\n<li><strong>telefonom <\/strong>na broj: 01\/4629-629<\/li>\n<\/ul>\n","protected":false},"excerpt":{"rendered":"<p>posredstvom izabranog lije\u010dnika (e-naru\u010divanje) e-mailom:&nbsp;narucivanje@suvag.hr telefonom na broj: 01\/4629-629<\/p>\n","protected":false},"author":1,"featured_media":0,"parent":0,"menu_order":0,"comment_status":"closed","ping_status":"closed","template":"","meta":[],"_links":{"self":[{"href":"https:\/\/www.suvag.hr\/en\/wp-json\/wp\/v2\/pages\/10185"}],"collection":[{"href":"https:\/\/www.suvag.hr\/en\/wp-json\/wp\/v2\/pages"}],"about":[{"href":"https:\/\/www.suvag.hr\/en\/wp-json\/wp\/v2\/types\/page"}],"author":[{"embeddable":true,"href":"https:\/\/www.suvag.hr\/en\/wp-json\/wp\/v2\/users\/1"}],"replies":[{"embeddable":true,"href":"https:\/\/www.suvag.hr\/en\/wp-json\/wp\/v2\/comments?post=10185"}],"version-history":[{"count":2,"href":"https:\/\/www.suvag.hr\/en\/wp-json\/wp\/v2\/pages\/10185\/revisions"}],"predecessor-version":[{"id":10505,"href":"https:\/\/www.suvag.hr\/en\/wp-json\/wp\/v2\/pages\/10185\/revisions\/10505"}],"wp:attachment":[{"href":"https:\/\/www.suvag.hr\/en\/wp-json\/wp\/v2\/media?parent=10185"}],"curies":[{"name":"wp","href":"https:\/\/api.w.org\/{rel}","templated":true}]}}