{"id":10175,"date":"2024-10-17T15:41:58","date_gmt":"2024-10-17T13:41:58","guid":{"rendered":"http:\/\/www.suvag.hr\/?page_id=10175"},"modified":"2024-12-18T16:02:17","modified_gmt":"2024-12-18T14:02:17","slug":"n-logoped-od3","status":"publish","type":"page","link":"https:\/\/www.suvag.hr\/en\/n-logoped-od3\/","title":{"rendered":"LOGOPEDSKA DIJAGNOSTIKA"},"content":{"rendered":"<h2>DJECE <strong>STARIJE OD 3 GODINE <\/strong>&#8211; naru\u010divanje<\/h2>\n<ul>\n<li><strong>posredstvom izabranog lije\u010dnika (e-naru\u010divanje)<\/strong><\/li>\n<li><strong>osobnim dolaskom<\/strong> u Zgradu medicinske dijagnostike Poliklinike SUVAG (ulaz iz Lepu\u0161i\u0107eve), prizemlje, soba 7, od 12-14 sati ponedjeljkom, srijedom i \u010detvrtkom<\/li>\n<li><strong>telefonom<\/strong> na broj: 091\/4110-017 od 12-14 sati ponedjeljkom, srijedom i \u010detvrtkom<\/li>\n<\/ul>\n<p>** NA ZAKAZANI PREGLED DONESITE DOSADA\u0160NJU MEDICINSKU DOKUMENTACIJU.<\/p>\n<p>** Otkazivanje termina:<\/p>\n<ul>\n<li><strong>e-mailom<\/strong>: <a href=\"mailto:logopedija1@suvag.hr\">logopedija1@suvag.hr<\/a> \u2013 <strong>molimo e-mail koristiti samo u svrhu otkazivanja ve\u0107 zakazanog logopedskog termina<\/strong> uz razlog otkazivanja kako bi se pravovremeno organizirao rad logopeda u procesu dijagnostike (navedeni e-mail ne slu\u017ei za naru\u010divanje).<\/li>\n<\/ul>\n","protected":false},"excerpt":{"rendered":"<p>DJECE STARIJE OD 3 GODINE &#8211; naru\u010divanje posredstvom izabranog lije\u010dnika (e-naru\u010divanje) osobnim dolaskom u Zgradu medicinske dijagnostike Poliklinike SUVAG (ulaz iz Lepu\u0161i\u0107eve), prizemlje, soba 7, od 12-14 sati ponedjeljkom, srijedom i \u010detvrtkom telefonom na broj: 091\/4110-017 od 12-14 sati ponedjeljkom, srijedom i \u010detvrtkom ** NA ZAKAZANI PREGLED DONESITE DOSADA\u0160NJU MEDICINSKU &hellip; <a href=\"https:\/\/www.suvag.hr\/en\/n-logoped-od3\/\">Cijeli tekst \/ Continue reading <span class=\"meta-nav\">&rarr;<\/span><\/a><\/p>\n","protected":false},"author":1,"featured_media":0,"parent":0,"menu_order":0,"comment_status":"closed","ping_status":"closed","template":"","meta":[],"_links":{"self":[{"href":"https:\/\/www.suvag.hr\/en\/wp-json\/wp\/v2\/pages\/10175"}],"collection":[{"href":"https:\/\/www.suvag.hr\/en\/wp-json\/wp\/v2\/pages"}],"about":[{"href":"https:\/\/www.suvag.hr\/en\/wp-json\/wp\/v2\/types\/page"}],"author":[{"embeddable":true,"href":"https:\/\/www.suvag.hr\/en\/wp-json\/wp\/v2\/users\/1"}],"replies":[{"embeddable":true,"href":"https:\/\/www.suvag.hr\/en\/wp-json\/wp\/v2\/comments?post=10175"}],"version-history":[{"count":5,"href":"https:\/\/www.suvag.hr\/en\/wp-json\/wp\/v2\/pages\/10175\/revisions"}],"predecessor-version":[{"id":10183,"href":"https:\/\/www.suvag.hr\/en\/wp-json\/wp\/v2\/pages\/10175\/revisions\/10183"}],"wp:attachment":[{"href":"https:\/\/www.suvag.hr\/en\/wp-json\/wp\/v2\/media?parent=10175"}],"curies":[{"name":"wp","href":"https:\/\/api.w.org\/{rel}","templated":true}]}}