{"id":10159,"date":"2024-10-17T15:20:51","date_gmt":"2024-10-17T13:20:51","guid":{"rendered":"http:\/\/www.suvag.hr\/?page_id=10159"},"modified":"2025-07-03T15:03:41","modified_gmt":"2025-07-03T13:03:41","slug":"n-logoped-do3","status":"publish","type":"page","link":"https:\/\/www.suvag.hr\/en\/n-logoped-do3\/","title":{"rendered":"LOGOPEDSKA DIJAGNOSTIKA DJECE"},"content":{"rendered":"<h2><strong>DO NAVR\u0160ENE 3 GODINE<\/strong> STAROSTI &#8211; naru\u010divanje<\/h2>\n<p><strong>NARUD\u017dBA SE MO\u017dE ZATRA\u017dITI UKOLIKO IMATE IZDANU UPUTNICU OD PEDIJATRA ILI LIJE\u010cNIKA OBITELJSKE MEDICINE ZA LOGOPEDSKU DIJAGNOSTIKU<\/strong><\/p>\n<p>Naru\u010diti se mo\u017eete:<\/p>\n<ul>\n<li>osobnim dolaskom u Zgradu medicinske dijagnostike Poliklinike SUVAG (ulaz iz Lepu\u0161i\u0107eve), soba 7\/prizemlje,\u00a0<strong>utorkom\u00a0 u vremenu od 12.30 do 13.30h.<\/strong><\/li>\n<li>pozivom na broj telefona: <strong>+385(0)91 4110 017<\/strong> <strong>petkom od 11,30 do 12,30 h<\/strong>.<\/li>\n<\/ul>\n<p><strong>* MOLIMO VAS DA NA PREGLED DONESETE SVU RANIJU MEDICINSKU I DRUGU DOKUMENTACIJU <u>KOJA JE RELEVANTNA ZA GOVORNO-JEZI\u010cNU ILI KOMUNIKACIJSKU PROBLEMATIKU<\/u> zbog koje tra\u017eite dijagnosti\u010dku obradu u Poliklinici SUVAG.<\/strong><\/p>\n<p>Zbog specifi\u010dnosti klini\u010dkog funkcioniranja i potrebne dijagnosti\u010dke obrade djece rane dobi koja trebaju logopedsku dijagnostiku u Poliklinici SUVAG, prilikom osobnog dolaska ili telefonskog naru\u010divanja roditelji \u0107e dobiti TRIJA\u017dNI OBRAZAC.<\/p>\n<p>* Informacije o logopedskoj dijagnostici za djecu do navr\u0161ene 3 godine starosti mo\u017eete dobiti na broj telefona: +385(0)91 4110 017, utorkom i petkom od 12.00 do 13.00h.<\/p>\n","protected":false},"excerpt":{"rendered":"<p>DO NAVR\u0160ENE 3 GODINE STAROSTI &#8211; naru\u010divanje NARUD\u017dBA SE MO\u017dE ZATRA\u017dITI UKOLIKO IMATE IZDANU UPUTNICU OD PEDIJATRA ILI LIJE\u010cNIKA OBITELJSKE MEDICINE ZA LOGOPEDSKU DIJAGNOSTIKU Naru\u010diti se mo\u017eete: osobnim dolaskom u Zgradu medicinske dijagnostike Poliklinike SUVAG (ulaz iz Lepu\u0161i\u0107eve), soba 7\/prizemlje,\u00a0utorkom\u00a0 u vremenu od 12.30 do 13.30h. pozivom na broj telefona: &hellip; <a href=\"https:\/\/www.suvag.hr\/en\/n-logoped-do3\/\">Cijeli tekst \/ Continue reading <span class=\"meta-nav\">&rarr;<\/span><\/a><\/p>\n","protected":false},"author":1,"featured_media":0,"parent":0,"menu_order":0,"comment_status":"closed","ping_status":"closed","template":"","meta":[],"_links":{"self":[{"href":"https:\/\/www.suvag.hr\/en\/wp-json\/wp\/v2\/pages\/10159"}],"collection":[{"href":"https:\/\/www.suvag.hr\/en\/wp-json\/wp\/v2\/pages"}],"about":[{"href":"https:\/\/www.suvag.hr\/en\/wp-json\/wp\/v2\/types\/page"}],"author":[{"embeddable":true,"href":"https:\/\/www.suvag.hr\/en\/wp-json\/wp\/v2\/users\/1"}],"replies":[{"embeddable":true,"href":"https:\/\/www.suvag.hr\/en\/wp-json\/wp\/v2\/comments?post=10159"}],"version-history":[{"count":17,"href":"https:\/\/www.suvag.hr\/en\/wp-json\/wp\/v2\/pages\/10159\/revisions"}],"predecessor-version":[{"id":10977,"href":"https:\/\/www.suvag.hr\/en\/wp-json\/wp\/v2\/pages\/10159\/revisions\/10977"}],"wp:attachment":[{"href":"https:\/\/www.suvag.hr\/en\/wp-json\/wp\/v2\/media?parent=10159"}],"curies":[{"name":"wp","href":"https:\/\/api.w.org\/{rel}","templated":true}]}}