{"id":10130,"date":"2024-10-17T14:41:47","date_gmt":"2024-10-17T12:41:47","guid":{"rendered":"http:\/\/www.suvag.hr\/?page_id=10130"},"modified":"2025-01-30T09:59:07","modified_gmt":"2025-01-30T07:59:07","slug":"n-psiholog","status":"publish","type":"page","link":"https:\/\/www.suvag.hr\/en\/n-psiholog\/","title":{"rendered":"PSIHOLOG &#8211; naru\u010divanje"},"content":{"rendered":"<style>\ntable, td, th {<br \/>\n  border: 3px solid #ddd;<br \/>\n  text-align: left;<br \/>\n}<br \/>\n<\/style>\n<table>\n<tbody>\n<tr>\n<td>\n<h2><a href=\"\/n-psiholog-do4\">\u2022 PSIHOLO\u0160KA DIJAGNOSTIKA DJECE <b>DO NAVR\u0160ENE 4 GODINE<\/b> STAROSTI<\/a><\/h2>\n<\/td>\n<\/tr>\n<tr>\n<td>\n<h2><a href=\"\/n-psiholog-od4\">\u2022 PSIHOLO\u0160KA DIJAGNOSTIKA DJECE S GOVORNIM I JEZI\u010cNIM TE\u0160KO\u0106AMA, SLU\u0160NIM O\u0160TE\u0106ENJIMA TE TE\u0160KO\u0106AMA \u010cITANJA I PISANJA U DOBI OD 4 DO 15 GODINA I 11 MJESECI<\/a><\/h2>\n<\/td>\n<\/tr>\n<\/tbody>\n<\/table>\n","protected":false},"excerpt":{"rendered":"<p>\u2022 PSIHOLO\u0160KA DIJAGNOSTIKA DJECE DO NAVR\u0160ENE 4 GODINE STAROSTI \u2022 PSIHOLO\u0160KA DIJAGNOSTIKA DJECE S GOVORNIM I JEZI\u010cNIM TE\u0160KO\u0106AMA, SLU\u0160NIM O\u0160TE\u0106ENJIMA TE TE\u0160KO\u0106AMA \u010cITANJA I PISANJA U DOBI OD 4 DO 15 GODINA I 11 MJESECI<\/p>\n","protected":false},"author":1,"featured_media":0,"parent":0,"menu_order":0,"comment_status":"closed","ping_status":"closed","template":"","meta":[],"_links":{"self":[{"href":"https:\/\/www.suvag.hr\/en\/wp-json\/wp\/v2\/pages\/10130"}],"collection":[{"href":"https:\/\/www.suvag.hr\/en\/wp-json\/wp\/v2\/pages"}],"about":[{"href":"https:\/\/www.suvag.hr\/en\/wp-json\/wp\/v2\/types\/page"}],"author":[{"embeddable":true,"href":"https:\/\/www.suvag.hr\/en\/wp-json\/wp\/v2\/users\/1"}],"replies":[{"embeddable":true,"href":"https:\/\/www.suvag.hr\/en\/wp-json\/wp\/v2\/comments?post=10130"}],"version-history":[{"count":7,"href":"https:\/\/www.suvag.hr\/en\/wp-json\/wp\/v2\/pages\/10130\/revisions"}],"predecessor-version":[{"id":10643,"href":"https:\/\/www.suvag.hr\/en\/wp-json\/wp\/v2\/pages\/10130\/revisions\/10643"}],"wp:attachment":[{"href":"https:\/\/www.suvag.hr\/en\/wp-json\/wp\/v2\/media?parent=10130"}],"curies":[{"name":"wp","href":"https:\/\/api.w.org\/{rel}","templated":true}]}}