{"id":10128,"date":"2024-10-17T14:41:01","date_gmt":"2024-10-17T12:41:01","guid":{"rendered":"http:\/\/www.suvag.hr\/?page_id=10128"},"modified":"2025-01-30T10:04:40","modified_gmt":"2025-01-30T08:04:40","slug":"n-psiholog-od4","status":"publish","type":"page","link":"https:\/\/www.suvag.hr\/en\/n-psiholog-od4\/","title":{"rendered":"PSIHOLO\u0160KA DIJAGNOSTIKA DJECE S GOVORNIM I JEZI\u010cNIM TE\u0160KO\u0106AMA, SLU\u0160NIM O\u0160TE\u0106ENJIMA TE TE\u0160KO\u0106AMA \u010cITANJA I PISANJA U DOBI OD 4 DO 15 GODINA I 11 MJESECI &#8211; naru\u010divanje"},"content":{"rendered":"<h2><\/h2>\n<ul>\n<li><strong>osobnim naru\u010divanjem<\/strong> dolaskom u Zgradu medicinske dijagnostike Poliklinike SUVAG (ulaz iz Lepu\u0161i\u0107eve), prijemni \u0161alter od 7.30h do 19.00h<\/li>\n<li><strong>telefonom <\/strong>na broj: +385-1- 4629-629<\/li>\n<li><strong>e-mailom<\/strong>: <a href=\"mailto:narucivanje@suvag.hr\">narucivanje@suvag.hr<\/a><\/li>\n<li><strong><a href=\"https:\/\/www.suvag.hr\/upute-za-roditelje-psiholosko-ispitivanje-kod-djece-s-govornim-teskocama-slusnim-ostecenjima-i-teskocama-u-ucenju\/\">UPUTE ZA RODITELJE<\/a><\/strong><\/li>\n<\/ul>\n<p>* NA ZAKAZANI PREGLED DONESITE DOSADA\u0160NJU MEDICINSKU DOKUMENTACIJU.<\/p>\n","protected":false},"excerpt":{"rendered":"<p>osobnim naru\u010divanjem dolaskom u Zgradu medicinske dijagnostike Poliklinike SUVAG (ulaz iz Lepu\u0161i\u0107eve), prijemni \u0161alter od 7.30h do 19.00h telefonom na broj: +385-1- 4629-629 e-mailom: narucivanje@suvag.hr UPUTE ZA RODITELJE * NA ZAKAZANI PREGLED DONESITE DOSADA\u0160NJU MEDICINSKU DOKUMENTACIJU.<\/p>\n","protected":false},"author":1,"featured_media":0,"parent":0,"menu_order":0,"comment_status":"closed","ping_status":"closed","template":"","meta":[],"_links":{"self":[{"href":"https:\/\/www.suvag.hr\/en\/wp-json\/wp\/v2\/pages\/10128"}],"collection":[{"href":"https:\/\/www.suvag.hr\/en\/wp-json\/wp\/v2\/pages"}],"about":[{"href":"https:\/\/www.suvag.hr\/en\/wp-json\/wp\/v2\/types\/page"}],"author":[{"embeddable":true,"href":"https:\/\/www.suvag.hr\/en\/wp-json\/wp\/v2\/users\/1"}],"replies":[{"embeddable":true,"href":"https:\/\/www.suvag.hr\/en\/wp-json\/wp\/v2\/comments?post=10128"}],"version-history":[{"count":11,"href":"https:\/\/www.suvag.hr\/en\/wp-json\/wp\/v2\/pages\/10128\/revisions"}],"predecessor-version":[{"id":10673,"href":"https:\/\/www.suvag.hr\/en\/wp-json\/wp\/v2\/pages\/10128\/revisions\/10673"}],"wp:attachment":[{"href":"https:\/\/www.suvag.hr\/en\/wp-json\/wp\/v2\/media?parent=10128"}],"curies":[{"name":"wp","href":"https:\/\/api.w.org\/{rel}","templated":true}]}}