{"id":10121,"date":"2024-10-17T14:31:04","date_gmt":"2024-10-17T12:31:04","guid":{"rendered":"http:\/\/www.suvag.hr\/?page_id=10121"},"modified":"2024-12-18T15:57:29","modified_gmt":"2024-12-18T13:57:29","slug":"n-orl-pregled","status":"publish","type":"page","link":"https:\/\/www.suvag.hr\/en\/n-orl-pregled\/","title":{"rendered":"ORL &#8211; SPECIJALISTI\u010cKI PREGLED &#8211; naru\u010divanje"},"content":{"rendered":"<ul>\n<li><strong>telefonom <\/strong>na broj: 01\/4629-629<\/li>\n<li><strong>e-mailom<\/strong>:&nbsp;<a href=\"mailto:narucivanje@suvag.hr\">narucivanje@suvag.hr<\/a><\/li>\n<li><strong>posredstvom izabranog lije\u010dnika (e-naru\u010divanje)<\/strong><\/li>\n<\/ul>\n<p>* Prilikom naru\u010divanja obavezno je:<\/p>\n<ol>\n<li>navesti ime i prezime, MBO \u2013 mati\u010dni broj osiguranika s zdravstvene iskaznice, te kontakt tel. broj<\/li>\n<li>pripremiti povijest bolesti kod naru\u010divanja telefonom ili dostaviti povijest bolesti kod naru\u010divanja putem e-maila.<\/li>\n<\/ol>\n<p>* Prilikom dolaska obavezno je donijeti dosada\u0161nju medicinsku dokumentaciju.<\/p>\n","protected":false},"excerpt":{"rendered":"<p>telefonom na broj: 01\/4629-629 e-mailom:&nbsp;narucivanje@suvag.hr posredstvom izabranog lije\u010dnika (e-naru\u010divanje) * Prilikom naru\u010divanja obavezno je: navesti ime i prezime, MBO \u2013 mati\u010dni broj osiguranika s zdravstvene iskaznice, te kontakt tel. broj pripremiti povijest bolesti kod naru\u010divanja telefonom ili dostaviti povijest bolesti kod naru\u010divanja putem e-maila. * Prilikom dolaska obavezno je donijeti &hellip; <a href=\"https:\/\/www.suvag.hr\/en\/n-orl-pregled\/\">Cijeli tekst \/ Continue reading <span class=\"meta-nav\">&rarr;<\/span><\/a><\/p>\n","protected":false},"author":1,"featured_media":0,"parent":0,"menu_order":0,"comment_status":"closed","ping_status":"closed","template":"","meta":[],"_links":{"self":[{"href":"https:\/\/www.suvag.hr\/en\/wp-json\/wp\/v2\/pages\/10121"}],"collection":[{"href":"https:\/\/www.suvag.hr\/en\/wp-json\/wp\/v2\/pages"}],"about":[{"href":"https:\/\/www.suvag.hr\/en\/wp-json\/wp\/v2\/types\/page"}],"author":[{"embeddable":true,"href":"https:\/\/www.suvag.hr\/en\/wp-json\/wp\/v2\/users\/1"}],"replies":[{"embeddable":true,"href":"https:\/\/www.suvag.hr\/en\/wp-json\/wp\/v2\/comments?post=10121"}],"version-history":[{"count":3,"href":"https:\/\/www.suvag.hr\/en\/wp-json\/wp\/v2\/pages\/10121\/revisions"}],"predecessor-version":[{"id":10515,"href":"https:\/\/www.suvag.hr\/en\/wp-json\/wp\/v2\/pages\/10121\/revisions\/10515"}],"wp:attachment":[{"href":"https:\/\/www.suvag.hr\/en\/wp-json\/wp\/v2\/media?parent=10121"}],"curies":[{"name":"wp","href":"https:\/\/api.w.org\/{rel}","templated":true}]}}