{"id":10112,"date":"2024-10-17T14:18:49","date_gmt":"2024-10-17T12:18:49","guid":{"rendered":"http:\/\/www.suvag.hr\/?page_id=10112"},"modified":"2024-12-18T15:58:21","modified_gmt":"2024-12-18T13:58:21","slug":"n-orl-pretrage-1","status":"publish","type":"page","link":"https:\/\/www.suvag.hr\/en\/n-orl-pretrage-1\/","title":{"rendered":"ISPITIVANJE SLUHA &#8211; AUDIOMETRIJA &#8211; naru\u010divanje"},"content":{"rendered":"<ul>\n<li><strong data-rich-text-format-boundary=\"true\">e-mailom<\/strong>:&nbsp;<a href=\"mailto:narucivanje@suvag.hr\">narucivanje@suvag.hr<\/a><\/li>\n<li><strong>osobnim dolaskom <\/strong>u Zgradu medicinske dijagnostike Poliklinike SUVAG (ulaz iz Lepu\u0161i\u0107eve), prijemni \u0161alter od 7.30h do 19.00h<\/li>\n<li><strong>telefonom&nbsp;<\/strong>na broj: +385-1- 4629-629<\/li>\n<\/ul>\n<p>* Prilikom dolaska donijeti dosada\u0161nju medicinsku dokumentaciju.<\/p>\n","protected":false},"excerpt":{"rendered":"<p>e-mailom:&nbsp;narucivanje@suvag.hr osobnim dolaskom u Zgradu medicinske dijagnostike Poliklinike SUVAG (ulaz iz Lepu\u0161i\u0107eve), prijemni \u0161alter od 7.30h do 19.00h telefonom&nbsp;na broj: +385-1- 4629-629 * Prilikom dolaska donijeti dosada\u0161nju medicinsku dokumentaciju.<\/p>\n","protected":false},"author":1,"featured_media":0,"parent":0,"menu_order":0,"comment_status":"closed","ping_status":"closed","template":"","meta":[],"_links":{"self":[{"href":"https:\/\/www.suvag.hr\/en\/wp-json\/wp\/v2\/pages\/10112"}],"collection":[{"href":"https:\/\/www.suvag.hr\/en\/wp-json\/wp\/v2\/pages"}],"about":[{"href":"https:\/\/www.suvag.hr\/en\/wp-json\/wp\/v2\/types\/page"}],"author":[{"embeddable":true,"href":"https:\/\/www.suvag.hr\/en\/wp-json\/wp\/v2\/users\/1"}],"replies":[{"embeddable":true,"href":"https:\/\/www.suvag.hr\/en\/wp-json\/wp\/v2\/comments?post=10112"}],"version-history":[{"count":15,"href":"https:\/\/www.suvag.hr\/en\/wp-json\/wp\/v2\/pages\/10112\/revisions"}],"predecessor-version":[{"id":10517,"href":"https:\/\/www.suvag.hr\/en\/wp-json\/wp\/v2\/pages\/10112\/revisions\/10517"}],"wp:attachment":[{"href":"https:\/\/www.suvag.hr\/en\/wp-json\/wp\/v2\/media?parent=10112"}],"curies":[{"name":"wp","href":"https:\/\/api.w.org\/{rel}","templated":true}]}}