{"id":60,"date":"2013-03-10T15:03:09","date_gmt":"2013-03-10T15:03:09","guid":{"rendered":"http:\/\/www.suvag.hr\/ssj\/?page_id=60"},"modified":"2017-08-23T13:00:57","modified_gmt":"2017-08-23T13:00:57","slug":"posebni-programi","status":"publish","type":"page","link":"http:\/\/www.suvag.hr\/ssj\/posebni-programi\/","title":{"rendered":"Posebni programi"},"content":{"rendered":"<p>&nbsp;<\/p>\n<ul>\n<li>kreativne jezi\u010dne radionice<\/li>\n<\/ul>\n<p><a href=\"http:\/\/www.suvag.hr\/ssj\/wp-content\/uploads\/2013\/03\/kreativne-jezicne-radionice.jpg\"><img loading=\"lazy\" class=\"alignnone size-full wp-image-67\" src=\"http:\/\/www.suvag.hr\/ssj\/wp-content\/uploads\/2013\/03\/kreativne-jezicne-radionice.jpg\" alt=\"kreativne jezi\u010dne radionice\" width=\"615\" height=\"300\" srcset=\"http:\/\/www.suvag.hr\/ssj\/wp-content\/uploads\/2013\/03\/kreativne-jezicne-radionice.jpg 615w, http:\/\/www.suvag.hr\/ssj\/wp-content\/uploads\/2013\/03\/kreativne-jezicne-radionice-300x146.jpg 300w\" sizes=\"(max-width: 615px) 100vw, 615px\" \/><\/a>\u00a0<\/p>\n<ul>\n<li>individualne vje\u017ebe izgovora<\/li>\n<li>poslovni jezik<\/li>\n<li>strukovni jezik<\/li>\n<li>pripreme za me\u0111unarodne ispite<\/li>\n<li>jezi\u010dni klubovi<\/li>\n<\/ul>\n<p>&nbsp;<\/p>\n<p>&nbsp;<\/p>\n<p>&nbsp;<\/p>\n","protected":false},"excerpt":{"rendered":"<p>&nbsp; kreativne jezi\u010dne radionice \u00a0 individualne vje\u017ebe izgovora poslovni jezik strukovni jezik pripreme za me\u0111unarodne ispite jezi\u010dni klubovi &nbsp; &nbsp; &nbsp;<\/p>\n","protected":false},"author":1,"featured_media":0,"parent":0,"menu_order":0,"comment_status":"closed","ping_status":"closed","template":"","meta":[],"_links":{"self":[{"href":"http:\/\/www.suvag.hr\/ssj\/wp-json\/wp\/v2\/pages\/60"}],"collection":[{"href":"http:\/\/www.suvag.hr\/ssj\/wp-json\/wp\/v2\/pages"}],"about":[{"href":"http:\/\/www.suvag.hr\/ssj\/wp-json\/wp\/v2\/types\/page"}],"author":[{"embeddable":true,"href":"http:\/\/www.suvag.hr\/ssj\/wp-json\/wp\/v2\/users\/1"}],"replies":[{"embeddable":true,"href":"http:\/\/www.suvag.hr\/ssj\/wp-json\/wp\/v2\/comments?post=60"}],"version-history":[{"count":7,"href":"http:\/\/www.suvag.hr\/ssj\/wp-json\/wp\/v2\/pages\/60\/revisions"}],"predecessor-version":[{"id":657,"href":"http:\/\/www.suvag.hr\/ssj\/wp-json\/wp\/v2\/pages\/60\/revisions\/657"}],"wp:attachment":[{"href":"http:\/\/www.suvag.hr\/ssj\/wp-json\/wp\/v2\/media?parent=60"}],"curies":[{"name":"wp","href":"https:\/\/api.w.org\/{rel}","templated":true}]}}