{"id":57,"date":"2013-03-10T14:30:55","date_gmt":"2013-03-10T14:30:55","guid":{"rendered":"http:\/\/www.suvag.hr\/ssj\/?page_id=57"},"modified":"2014-07-03T08:57:00","modified_gmt":"2014-07-03T08:57:00","slug":"tecajevi","status":"publish","type":"page","link":"http:\/\/www.suvag.hr\/ssj\/tecajevi\/","title":{"rendered":"Programi"},"content":{"rendered":"<h2>\u00a0<\/h2>\n<h2><span style=\"color: #ff0000;\"><img loading=\"lazy\" class=\"alignright size-full wp-image-189\" alt=\"international\" src=\"http:\/\/www.suvag.hr\/ssj\/wp-content\/uploads\/2013\/03\/international.png\" width=\"300\" height=\"1111\" srcset=\"http:\/\/www.suvag.hr\/ssj\/wp-content\/uploads\/2013\/03\/international.png 300w, http:\/\/www.suvag.hr\/ssj\/wp-content\/uploads\/2013\/03\/international-81x300.png 81w\" sizes=\"(max-width: 300px) 100vw, 300px\" \/>Jezici<\/span><\/h2>\n<ul>\n<li>\n<h3>engleski<\/h3>\n<\/li>\n<li>\n<h3>francuski<\/h3>\n<\/li>\n<li>\n<h3>njema\u010dki<\/h3>\n<\/li>\n<li>\n<h3>talijanski<\/h3>\n<\/li>\n<li>\n<h3>\u0161panjolski<\/h3>\n<\/li>\n<li>\n<h3>japanski<\/h3>\n<\/li>\n<li>\n<h3>portugalski<\/h3>\n<\/li>\n<li>\n<h3>ma\u0111arski<\/h3>\n<\/li>\n<li>\n<h3>katalonski<\/h3>\n<\/li>\n<li>\n<h3>hrvatski za strance<\/h3>\n<\/li>\n<\/ul>\n<p>&nbsp;<\/p>\n<h2><span style=\"color: #ff0000;\">Dob polaznika<\/span><\/h2>\n<ul>\n<li>\n<h3>djeca<\/h3>\n<\/li>\n<li>\n<h3>mlade\u017e<\/h3>\n<\/li>\n<li>\n<h3>odrasli<\/h3>\n<\/li>\n<\/ul>\n<p>&nbsp;<\/p>\n<h2><span style=\"color: #ff0000;\">Razine<\/span><\/h2>\n<ul>\n<li>\n<h3>po\u010detni<\/h3>\n<\/li>\n<li>\n<h3>srednji<\/h3>\n<\/li>\n<li>\n<h3>napredni stupnjevi<\/h3>\n<\/li>\n<\/ul>\n<p>&nbsp;<\/p>\n<h2><span style=\"color: #ff0000;\">Vrste programa<\/span><\/h2>\n<ul>\n<li>\n<h3>baby program<\/h3>\n<\/li>\n<li>\n<h3>pred\u0161kolski<\/h3>\n<\/li>\n<li>\n<h3>\u0111a\u010dki<\/h3>\n<\/li>\n<li>\n<h3>za mlade\u017e<\/h3>\n<\/li>\n<li>\n<h3>za odrasle<\/h3>\n<\/li>\n<li>\n<h3>za ustanove i poduze\u0107a<\/h3>\n<\/li>\n<li>\n<h3>specijalizirani te\u010dajevi<\/h3>\n<\/li>\n<li>\n<h3>vikend te\u010dajevi<\/h3>\n<\/li>\n<li>\n<h3>individualni te\u010dajevi<\/h3>\n<\/li>\n<\/ul>\n","protected":false},"excerpt":{"rendered":"<p>\u00a0 Jezici engleski francuski njema\u010dki talijanski \u0161panjolski japanski portugalski ma\u0111arski katalonski hrvatski za strance &nbsp; Dob polaznika djeca mlade\u017e odrasli &nbsp; Razine po\u010detni srednji napredni stupnjevi &nbsp; Vrste programa baby program pred\u0161kolski \u0111a\u010dki za mlade\u017e za odrasle za ustanove i poduze\u0107a specijalizirani te\u010dajevi vikend te\u010dajevi individualni te\u010dajevi<\/p>\n","protected":false},"author":1,"featured_media":0,"parent":0,"menu_order":0,"comment_status":"closed","ping_status":"closed","template":"","meta":[],"_links":{"self":[{"href":"http:\/\/www.suvag.hr\/ssj\/wp-json\/wp\/v2\/pages\/57"}],"collection":[{"href":"http:\/\/www.suvag.hr\/ssj\/wp-json\/wp\/v2\/pages"}],"about":[{"href":"http:\/\/www.suvag.hr\/ssj\/wp-json\/wp\/v2\/types\/page"}],"author":[{"embeddable":true,"href":"http:\/\/www.suvag.hr\/ssj\/wp-json\/wp\/v2\/users\/1"}],"replies":[{"embeddable":true,"href":"http:\/\/www.suvag.hr\/ssj\/wp-json\/wp\/v2\/comments?post=57"}],"version-history":[{"count":14,"href":"http:\/\/www.suvag.hr\/ssj\/wp-json\/wp\/v2\/pages\/57\/revisions"}],"predecessor-version":[{"id":435,"href":"http:\/\/www.suvag.hr\/ssj\/wp-json\/wp\/v2\/pages\/57\/revisions\/435"}],"wp:attachment":[{"href":"http:\/\/www.suvag.hr\/ssj\/wp-json\/wp\/v2\/media?parent=57"}],"curies":[{"name":"wp","href":"https:\/\/api.w.org\/{rel}","templated":true}]}}