{"id":36,"date":"2013-03-10T12:40:16","date_gmt":"2013-03-10T12:40:16","guid":{"rendered":"http:\/\/www.suvag.hr\/ssj\/?page_id=36"},"modified":"2013-03-16T10:54:11","modified_gmt":"2013-03-16T10:54:11","slug":"primjena-verbotonalnog-sistema","status":"publish","type":"page","link":"http:\/\/www.suvag.hr\/ssj\/primjena-verbotonalnog-sistema\/","title":{"rendered":"Primjena verbotonalnog sistema"},"content":{"rendered":"<div>\u00a0<\/div>\n<div><a title=\"Verbotonalni sistem\" href=\"http:\/\/www.suvag.hr\/guberina\/\"><strong>Verbotonalni sistem (VTS)<\/strong><\/a><\/p>\n<p>(originalni znanstveni pristup komunikaciji govorom)<\/p>\n<ul>\n<li>teorija, metodologija, znanstvenoistra\u017eiva\u010dki rad<\/li>\n<li>konstrukcija elektroakusti\u010dke opreme (SUVAG\/VERBOTON)<\/li>\n<\/ul>\n<p>&nbsp;<\/p>\n<p><a title=\"Petar Guberina i verbotonalna metoda\" href=\"http:\/\/www.suvag.hr\/guberina\/3\/\">Verbotonalna metoda (VTM)<\/a><br \/> (primjena VTS-a na patologiju slu\u0161anja i govora)<\/p>\n<ul>\n<li>dijagnostika slu\u0161nih o\u0161te\u0107enja<\/li>\n<li>dijagnostika poreme\u0107aja glasa i govora<\/li>\n<li>rehabilitacija slu\u0161anja i govora slu\u0161no o\u0161te\u0107enih osoba<\/li>\n<li>reahabilitacija, edukacija i integracija djece o\u0161te\u0107ena sluha i\/ili govora<\/li>\n<li>terapija poreme\u0107aja govora i glasa<\/li>\n<li>razvoj ne(dovoljno) razvijena govora<\/li>\n<li>konstrukcija slu\u0161nih pomagala<\/li>\n<\/ul>\n<p>&nbsp;<\/p>\n<p><a title=\"AVGS\" href=\"http:\/\/www.suvag.hr\/guberina\/3\/#AVGS\">Audiovizualna globalnostrukturalna metoda (AVGS)<\/a> (primjena VTS-a na u\u010denje \u017eivih jezika)<\/p>\n<ul>\n<li>nastava stranih jezika<\/li>\n<li>u\u010denje materinskog jezika<\/li>\n<li>alfabetizacija odraslih uz promociju zvanja<\/li>\n<li>fonetsko i fonolo\u0161ko definiranje nacionalnih jezika (npr. afri\u010dki jezici)<\/li>\n<\/ul>\n<h3><a title=\"Poliklinika SUVAG\" href=\"http:\/\/www.suvag.hr\/\">POLIKLINIKA SUVAG, Zagreb<\/a><\/h3>\n<p>Sredi\u0161nja svjetska ustanova za razvoj verbotonalnog sistema i edukaciju stru\u010dnjaka u svim podru\u010djima primjene &#8211; Odluka Me\u0111unarodnog dru\u0161tva verbotonalne metode (1982.)<\/p>\n<\/div>\n","protected":false},"excerpt":{"rendered":"<p>\u00a0 Verbotonalni sistem (VTS) (originalni znanstveni pristup komunikaciji govorom) teorija, metodologija, znanstvenoistra\u017eiva\u010dki rad konstrukcija elektroakusti\u010dke opreme (SUVAG\/VERBOTON) &nbsp; Verbotonalna metoda (VTM) (primjena VTS-a na patologiju slu\u0161anja i govora) dijagnostika slu\u0161nih o\u0161te\u0107enja dijagnostika poreme\u0107aja glasa i govora rehabilitacija slu\u0161anja i govora slu\u0161no o\u0161te\u0107enih osoba reahabilitacija, edukacija i integracija djece o\u0161te\u0107ena sluha &hellip; <a href=\"http:\/\/www.suvag.hr\/ssj\/primjena-verbotonalnog-sistema\/\">Continue reading <span class=\"meta-nav\">&rarr;<\/span><\/a><\/p>\n","protected":false},"author":1,"featured_media":0,"parent":0,"menu_order":0,"comment_status":"closed","ping_status":"closed","template":"","meta":[],"_links":{"self":[{"href":"http:\/\/www.suvag.hr\/ssj\/wp-json\/wp\/v2\/pages\/36"}],"collection":[{"href":"http:\/\/www.suvag.hr\/ssj\/wp-json\/wp\/v2\/pages"}],"about":[{"href":"http:\/\/www.suvag.hr\/ssj\/wp-json\/wp\/v2\/types\/page"}],"author":[{"embeddable":true,"href":"http:\/\/www.suvag.hr\/ssj\/wp-json\/wp\/v2\/users\/1"}],"replies":[{"embeddable":true,"href":"http:\/\/www.suvag.hr\/ssj\/wp-json\/wp\/v2\/comments?post=36"}],"version-history":[{"count":2,"href":"http:\/\/www.suvag.hr\/ssj\/wp-json\/wp\/v2\/pages\/36\/revisions"}],"predecessor-version":[{"id":212,"href":"http:\/\/www.suvag.hr\/ssj\/wp-json\/wp\/v2\/pages\/36\/revisions\/212"}],"wp:attachment":[{"href":"http:\/\/www.suvag.hr\/ssj\/wp-json\/wp\/v2\/media?parent=36"}],"curies":[{"name":"wp","href":"https:\/\/api.w.org\/{rel}","templated":true}]}}