{"id":27,"date":"2013-03-09T08:38:54","date_gmt":"2013-03-09T08:38:54","guid":{"rendered":"http:\/\/www.suvag.hr\/ssj\/?page_id=27"},"modified":"2020-07-09T07:50:59","modified_gmt":"2020-07-09T07:50:59","slug":"verificirani-programi","status":"publish","type":"page","link":"http:\/\/www.suvag.hr\/ssj\/verificirani-programi\/","title":{"rendered":"Verificirani programi"},"content":{"rendered":"<div>\n<p>&nbsp;<\/p>\n<p>Temeljem rje\u0161enja Ministarstva znanosti, obrazovanja i \u0161porta Republike Hrvatske, \u0160kola stranih jezika SUVAG dobila je akreditaciju za izvo\u0111enje programa obrazovanja odraslih, i to programa u\u010denja stranih jezika.<\/p>\n<p> <strong>Akreditacija zna\u010di:<\/strong><\/p>\n<ul>\n<li>Svjedod\u017eba \u0160kole stranih jezika SUVAG postaje javna isprava s pravom upisa polo\u017eenog stupnja u radnu knji\u017eicu.<\/li>\n<li>Programi u\u010denja stranih jezika u \u0160koli stranih jezika SUVAG postaju dio ukupnog obrazovanja Republike Hrvatske;<\/li>\n<\/ul>\n<p>Sukladno zakonu o obrazovanju odraslih (NN 17\/07 i 129\/08) polaznik verificiranog programa za obrazovanje odraslih mo\u017ee biti osoba koja ima navr\u0161enih 15 godina \u017eivota.<\/p>\n<p> <strong>Akreditacija uklju\u010duje sljede\u0107e programe:<\/strong><\/p>\n<ul>\n<li>engleski op\u0107i jezik (stupnjevi A1, A2, B1, B2, C1, C2);<\/li>\n<li>engleski poslovni jezik (stupnjevi A1, A2, B1, B2, C1, C2);<\/li>\n<li>njema\u010dki op\u0107i jezik (stupnjevi A1, A2, B1, B2, C1, C2);<\/li>\n<li>njema\u010dki poslovni jezik (stupnjevi A1, A2, B1, B2, C1, C2;<\/li>\n<li>talijanski op\u0107i jezik (stupnjevi A1, A2, B1, B2, C1, C2);<\/li>\n<li>francuski op\u0107i jezik (stupnjevi A1, A2, B1, B2, C1, C2);<\/li>\n<li>\u0161panjolski op\u0107i jezik (stupnjevi A1, A2, B1, B2, C1, C2);<\/li>\n<li>portugalski op\u0107i jezik (stupnjevi A1, A2, B1, B2, C1, C2);<\/li>\n<li>ruski op\u0107i jezik (stupnjevi A1, A2, B1, B2, C1, C2);<\/li>\n<li>hrvatski op\u0107i jezik (stupnjevi A1, A2, B1, B2, C1, C2).<\/li>\n<\/ul>\n<p>Nastavni programi u\u010denja stranih jezika izra\u0111eni su sukladno smjernicama <strong>Zajedni\u010dkog europskog referentnog okvira<\/strong>, temeljnog dokumenta Vije\u0107a Europe, kojim se utvr\u0111uju zajedni\u010dki standardi u\u010denja, pou\u010davanja i vrednovanja znanja stranog jezika.<br \/> Nastava se odvija u modulima (najmanje 70 nastavnih sati) ili podmodulima, nakon kojih se provodi zavr\u0161na provjera znanja, te polaznici dobivaju diplomu o zavr\u0161enom modulu.<br \/> Zavr\u0161nom ispitu za postizanje referentnog europskog stupnja znanja stranog jezika polaznici mogu pristupiti nakon zavr\u0161enog obrazovanog razdoblja koje uklju\u010duje zakonom propisan broj nastavnih sati za svaki stupanj:<\/p>\n<p> stupanj A1 &#8211; 140 nastavnih sati<br \/> stupanj A2 &#8211; 280 nastavnih sati<br \/> stupanj B1 \u2013 560 nastavnih sati<br \/> stupanj B2 \u2013 700 nastavnih sati<br \/> stupanj C1 \u2013 980 nastavnih sati<br \/> stupanj C2 \u2013 1120 nastavnih sati.<\/p>\n<p> Nakon polo\u017eenog zavr\u0161nog ispita za pojedini europski stupanj, polaznici dobivaju svjedod\u017ebu koja je javno priznata isprava, a postignuti stupanj upisuje se u radnu knji\u017enicu.<\/p>\n<p>&nbsp;<\/p>\n<\/div>\n","protected":false},"excerpt":{"rendered":"<p>&nbsp; Temeljem rje\u0161enja Ministarstva znanosti, obrazovanja i \u0161porta Republike Hrvatske, \u0160kola stranih jezika SUVAG dobila je akreditaciju za izvo\u0111enje programa obrazovanja odraslih, i to programa u\u010denja stranih jezika. Akreditacija zna\u010di: Svjedod\u017eba \u0160kole stranih jezika SUVAG postaje javna isprava s pravom upisa polo\u017eenog stupnja u radnu knji\u017eicu. Programi u\u010denja stranih jezika &hellip; <a href=\"http:\/\/www.suvag.hr\/ssj\/verificirani-programi\/\">Continue reading <span class=\"meta-nav\">&rarr;<\/span><\/a><\/p>\n","protected":false},"author":1,"featured_media":0,"parent":0,"menu_order":0,"comment_status":"closed","ping_status":"closed","template":"","meta":[],"_links":{"self":[{"href":"http:\/\/www.suvag.hr\/ssj\/wp-json\/wp\/v2\/pages\/27"}],"collection":[{"href":"http:\/\/www.suvag.hr\/ssj\/wp-json\/wp\/v2\/pages"}],"about":[{"href":"http:\/\/www.suvag.hr\/ssj\/wp-json\/wp\/v2\/types\/page"}],"author":[{"embeddable":true,"href":"http:\/\/www.suvag.hr\/ssj\/wp-json\/wp\/v2\/users\/1"}],"replies":[{"embeddable":true,"href":"http:\/\/www.suvag.hr\/ssj\/wp-json\/wp\/v2\/comments?post=27"}],"version-history":[{"count":2,"href":"http:\/\/www.suvag.hr\/ssj\/wp-json\/wp\/v2\/pages\/27\/revisions"}],"predecessor-version":[{"id":917,"href":"http:\/\/www.suvag.hr\/ssj\/wp-json\/wp\/v2\/pages\/27\/revisions\/917"}],"wp:attachment":[{"href":"http:\/\/www.suvag.hr\/ssj\/wp-json\/wp\/v2\/media?parent=27"}],"curies":[{"name":"wp","href":"https:\/\/api.w.org\/{rel}","templated":true}]}}