{"id":134,"date":"2013-03-10T18:39:16","date_gmt":"2013-03-10T18:39:16","guid":{"rendered":"http:\/\/www.suvag.hr\/ssj\/?page_id=134"},"modified":"2017-08-23T12:58:32","modified_gmt":"2017-08-23T12:58:32","slug":"ielts","status":"publish","type":"page","link":"http:\/\/www.suvag.hr\/ssj\/ielts\/","title":{"rendered":"IELTS"},"content":{"rendered":"<p><a title=\"IELTS\" href=\"http:\/\/www.ielts.org\" target=\"_blank\"><img loading=\"lazy\" class=\"alignright size-full wp-image-206\" src=\"http:\/\/www.suvag.hr\/ssj\/wp-content\/uploads\/2013\/03\/IELTS_200.png\" alt=\"IELTS\" width=\"200\" height=\"61\" \/><\/a><\/p>\n<p>Pripremni te\u010daj za dobivanje me\u0111unarodne Cambridge diplome IELTS iz znanja engleskog jezika.<br \/>Te\u010daj je namijenjen:<\/p>\n<ul>\n<li>studentima koji nastavljaju studij u inozemstvu (dodiplomski \u2013 ERASMUS, postdiplomski i sl.)<\/li>\n<li>profesionalcima koji svoju poslovnu karijeru nastavljaju u inozemstvu<\/li>\n<\/ul>\n<ul>\n<li>Grupa: 3 \u2013 5 polaznika<\/li>\n<li>Sati: 40<\/li>\n<li>Cijena: 2.750 kn<\/li>\n<\/ul>\n","protected":false},"excerpt":{"rendered":"<p>Pripremni te\u010daj za dobivanje me\u0111unarodne Cambridge diplome IELTS iz znanja engleskog jezika.Te\u010daj je namijenjen: studentima koji nastavljaju studij u inozemstvu (dodiplomski \u2013 ERASMUS, postdiplomski i sl.) profesionalcima koji svoju poslovnu karijeru nastavljaju u inozemstvu Grupa: 3 \u2013 5 polaznika Sati: 40 Cijena: 2.750 kn<\/p>\n","protected":false},"author":1,"featured_media":0,"parent":0,"menu_order":0,"comment_status":"closed","ping_status":"closed","template":"","meta":[],"_links":{"self":[{"href":"http:\/\/www.suvag.hr\/ssj\/wp-json\/wp\/v2\/pages\/134"}],"collection":[{"href":"http:\/\/www.suvag.hr\/ssj\/wp-json\/wp\/v2\/pages"}],"about":[{"href":"http:\/\/www.suvag.hr\/ssj\/wp-json\/wp\/v2\/types\/page"}],"author":[{"embeddable":true,"href":"http:\/\/www.suvag.hr\/ssj\/wp-json\/wp\/v2\/users\/1"}],"replies":[{"embeddable":true,"href":"http:\/\/www.suvag.hr\/ssj\/wp-json\/wp\/v2\/comments?post=134"}],"version-history":[{"count":9,"href":"http:\/\/www.suvag.hr\/ssj\/wp-json\/wp\/v2\/pages\/134\/revisions"}],"predecessor-version":[{"id":656,"href":"http:\/\/www.suvag.hr\/ssj\/wp-json\/wp\/v2\/pages\/134\/revisions\/656"}],"wp:attachment":[{"href":"http:\/\/www.suvag.hr\/ssj\/wp-json\/wp\/v2\/media?parent=134"}],"curies":[{"name":"wp","href":"https:\/\/api.w.org\/{rel}","templated":true}]}}