{"id":13,"date":"2013-03-01T13:38:15","date_gmt":"2013-03-01T13:38:15","guid":{"rendered":"http:\/\/www.suvag.hr\/ssj\/?page_id=13"},"modified":"2025-11-20T10:51:51","modified_gmt":"2025-11-20T10:51:51","slug":"o-nama","status":"publish","type":"page","link":"http:\/\/www.suvag.hr\/ssj\/o-nama\/","title":{"rendered":"\u0160kola stranih jezika SUVAG"},"content":{"rendered":"<p><a href=\"http:\/\/www.suvag.hr\/ssj\/wp-content\/uploads\/zgrada_ssj_2_1.png\"><img loading=\"lazy\" class=\"wp-image-741 size-full alignnone\" src=\"http:\/\/www.suvag.hr\/ssj\/wp-content\/uploads\/zgrada_ssj_2_1.png\" alt=\"\" width=\"250\" height=\"164\"><\/a><\/p>\n<p><strong>Adresa:<\/strong> Lj. Posavskog 10, Zagreb<br><strong>Telefon:<\/strong> 46 29 661<br><strong>Faks:<\/strong> 46 55 166<br><strong>E-mail:<\/strong> <a href=\"mailto:ssj@suvag.hr\">ssj@suvag.hr<\/a><\/p>\n<p><strong>Radno vrijeme Tajni\u0161tva \u0160kole stranih jezika:<\/strong><br>ponedjeljak &#8211; petak: 8:00 &#8211; 16:00h<\/p>\n<p><strong>Godina osnutka:<\/strong> <a href=\"http:\/\/www.suvag.hr\/povijest\">1961.<\/a><br><strong>Utemeljitelj:<\/strong> <a href=\"http:\/\/www.suvag.hr\/guberina\">Prof.dr. Petar Guberina<\/a><br><strong>Na\u010din rada:<\/strong> <a href=\"http:\/\/www.suvag.hr\/ssj\/primjena-verbotonalnog-sistema\">AVGS metoda<\/a><\/p>\n<p>\u0160kola je \u010dlan je Me\u0111unarodne udruge za <a href=\"http:\/\/www.suvag.hr\/ssj\/primjena-verbotonalnog-sistema\">AVGS metodu<\/a> sa sjedi\u0161tem u Parizu, Francuska.<\/p>\n<p>\u0160kola sura\u0111uje s Britanskim savjetom i Aulom Cervantes u pripremanju za me\u0111unarodno priznate ispite iz engleskog i \u0161panjolskog.<\/p>\n<p>\u0160kola sura\u0111uje s Filozofskim fakultetom u Zagrebu, Odsjekom za anglistiku i hispanistiku, kao vje\u017ebaonica iz metodike za studente.<\/p>\n<p><\/p>\n\n\n<figure class=\"wp-block-image size-large\"><img loading=\"lazy\" width=\"940\" height=\"788\" src=\"http:\/\/www.suvag.hr\/ssj\/wp-content\/uploads\/ssj25cro.png\" alt=\"\" class=\"wp-image-1324\"\/><\/figure>\n\n\n\n<hr class=\"wp-block-separator\"\/>\n\n\n\n<figure class=\"wp-block-image size-large\"><img loading=\"lazy\" width=\"1080\" height=\"1080\" src=\"http:\/\/www.suvag.hr\/ssj\/wp-content\/uploads\/Language-Masters.png\" alt=\"\" class=\"wp-image-1261\"\/><figcaption><strong>\u010cestitamo na\u0161im polaznicima, uspje\u0161no polo\u017een te\u010daj hrvatskog jezika!<\/strong><\/figcaption><\/figure>\n","protected":false},"excerpt":{"rendered":"<p>Adresa: Lj. Posavskog 10, ZagrebTelefon: 46 29 661Faks: 46 55 166E-mail: ssj@suvag.hr Radno vrijeme Tajni\u0161tva \u0160kole stranih jezika:ponedjeljak &#8211; petak: 8:00 &#8211; 16:00h Godina osnutka: 1961.Utemeljitelj: Prof.dr. Petar GuberinaNa\u010din rada: AVGS metoda \u0160kola je \u010dlan je Me\u0111unarodne udruge za AVGS metodu sa sjedi\u0161tem u Parizu, Francuska. \u0160kola sura\u0111uje s Britanskim &hellip; <a href=\"http:\/\/www.suvag.hr\/ssj\/o-nama\/\">Continue reading <span class=\"meta-nav\">&rarr;<\/span><\/a><\/p>\n","protected":false},"author":1,"featured_media":0,"parent":0,"menu_order":0,"comment_status":"closed","ping_status":"closed","template":"","meta":[],"_links":{"self":[{"href":"http:\/\/www.suvag.hr\/ssj\/wp-json\/wp\/v2\/pages\/13"}],"collection":[{"href":"http:\/\/www.suvag.hr\/ssj\/wp-json\/wp\/v2\/pages"}],"about":[{"href":"http:\/\/www.suvag.hr\/ssj\/wp-json\/wp\/v2\/types\/page"}],"author":[{"embeddable":true,"href":"http:\/\/www.suvag.hr\/ssj\/wp-json\/wp\/v2\/users\/1"}],"replies":[{"embeddable":true,"href":"http:\/\/www.suvag.hr\/ssj\/wp-json\/wp\/v2\/comments?post=13"}],"version-history":[{"count":166,"href":"http:\/\/www.suvag.hr\/ssj\/wp-json\/wp\/v2\/pages\/13\/revisions"}],"predecessor-version":[{"id":1327,"href":"http:\/\/www.suvag.hr\/ssj\/wp-json\/wp\/v2\/pages\/13\/revisions\/1327"}],"wp:attachment":[{"href":"http:\/\/www.suvag.hr\/ssj\/wp-json\/wp\/v2\/media?parent=13"}],"curies":[{"name":"wp","href":"https:\/\/api.w.org\/{rel}","templated":true}]}}