{"id":8355,"date":"2022-12-13T09:09:40","date_gmt":"2022-12-13T09:09:40","guid":{"rendered":"http:\/\/www.suvag.hr\/?page_id=8355"},"modified":"2022-12-14T08:51:36","modified_gmt":"2022-12-14T08:51:36","slug":"narucivanje-za-eeg-snimanje-djeca","status":"publish","type":"page","link":"http:\/\/www.suvag.hr\/en\/narucivanje-za-eeg-snimanje-djeca\/","title":{"rendered":"Naru\u010divanje za EEG snimanje  &#8211; DJECA"},"content":{"rendered":"\n<p>Narud\u017ebe za <strong>EEG snimanje za djecu<\/strong> na <strong>telefon 01\/46 29 759<\/strong>, svaki radni dan izme\u0111u <strong>13.00 i 13.30h<\/strong>, ili na <strong>e-mail<\/strong>: <a href=\"mailto:eeg-pedijatrija@suvag.hr\"><strong>eeg-pedijatrija@suvag.hr<\/strong><\/a><\/p>\n\n\n\n<p>Prilikom naru\u010divanja na dijagnosti\u010dke preglede i pretrage <strong>obavezno<\/strong> je dostaviti Povijest bolesti putem emaila.<\/p>\n\n\n\n<p><span class=\"has-inline-color has-vivid-red-color\">Molimo Vas da se naru\u010dujete <strong>samo na jedan<\/strong> od ponu\u0111enih na\u010dina.<\/span><\/p>\n","protected":false},"excerpt":{"rendered":"<p>Narud\u017ebe za EEG snimanje za djecu na telefon 01\/46 29 759, svaki radni dan izme\u0111u 13.00 i 13.30h, ili na e-mail: eeg-pedijatrija@suvag.hr Prilikom naru\u010divanja na dijagnosti\u010dke preglede i pretrage obavezno je dostaviti Povijest bolesti putem emaila. Molimo Vas da se naru\u010dujete samo na jedan od ponu\u0111enih na\u010dina.<\/p>\n","protected":false},"author":2,"featured_media":0,"parent":0,"menu_order":0,"comment_status":"closed","ping_status":"closed","template":"","meta":[],"_links":{"self":[{"href":"http:\/\/www.suvag.hr\/en\/wp-json\/wp\/v2\/pages\/8355"}],"collection":[{"href":"http:\/\/www.suvag.hr\/en\/wp-json\/wp\/v2\/pages"}],"about":[{"href":"http:\/\/www.suvag.hr\/en\/wp-json\/wp\/v2\/types\/page"}],"author":[{"embeddable":true,"href":"http:\/\/www.suvag.hr\/en\/wp-json\/wp\/v2\/users\/2"}],"replies":[{"embeddable":true,"href":"http:\/\/www.suvag.hr\/en\/wp-json\/wp\/v2\/comments?post=8355"}],"version-history":[{"count":3,"href":"http:\/\/www.suvag.hr\/en\/wp-json\/wp\/v2\/pages\/8355\/revisions"}],"predecessor-version":[{"id":8364,"href":"http:\/\/www.suvag.hr\/en\/wp-json\/wp\/v2\/pages\/8355\/revisions\/8364"}],"wp:attachment":[{"href":"http:\/\/www.suvag.hr\/en\/wp-json\/wp\/v2\/media?parent=8355"}],"curies":[{"name":"wp","href":"https:\/\/api.w.org\/{rel}","templated":true}]}}