{"id":1145,"date":"2013-03-12T13:33:04","date_gmt":"2013-03-12T13:33:04","guid":{"rendered":"http:\/\/www.suvag.hr\/nova\/?page_id=1145"},"modified":"2023-09-14T14:19:03","modified_gmt":"2023-09-14T12:19:03","slug":"poveznice","status":"publish","type":"page","link":"http:\/\/www.suvag.hr\/en\/poveznice\/","title":{"rendered":"Links"},"content":{"rendered":"<p><\/p>\n<div>\n<ul>\n<li><a href=\"http:\/\/www.mzss.hr\" target=\"_blank\" rel=\"noopener\">Ministarstvo zdravstva i socijalne skrbi Republike Hrvatske<\/a><\/li>\n<li><a href=\"http:\/\/www.mzos.hr\" target=\"_blank\" rel=\"noopener\">Ministarstvo znanosti, obrazovanja i \u0161porta<\/a><\/li>\n<li><a href=\"http:\/\/www.hzzo-net.hr\" target=\"_blank\" rel=\"noopener\">Hrvatski Zavod za zdravstveno osiguranje<\/a><\/li>\n<li><a href=\"http:\/\/www.zagreb.hr\" target=\"_blank\" rel=\"noopener\">Grad Zagreb<\/a><\/li>\n<li><a title=\"klini\u010dki bolni\u010dki centar \" href=\"http:\/\/www.kbcsm.hr\" target=\"_blank\" rel=\"noopener\">Klini\u010dki bolni\u010dki centar &#8220;Sestre milosrdnice&#8221;<\/a><\/li>\n<li><a href=\"http:\/\/www.mef.hr\" target=\"_blank\" rel=\"noopener\">Medicinski fakultet Sveu\u010dili\u0161ta u Zagrebu<\/a><\/li>\n<li><a href=\"http:\/\/www.ffzg.hr\" target=\"_blank\" rel=\"noopener\">Filozofski fakultet Sveu\u010dili\u0161ta u Zagrebu<\/a><\/li>\n<li><a href=\"http:\/\/www.erf.hr\" target=\"_blank\" rel=\"noopener\">Edukacijsko rehabilitacijski fakultet Sveu\u010dili\u0161ta u Zagrebu<\/a><\/li>\n<li><a title=\"Hrvatsko logopedsko dru\u0161tvo\" href=\"http:\/\/www.hld.hr\/\" target=\"_blank\" rel=\"noopener\">Hrvatsko logopedsko dru\u0161tvo &#8211; HLD<\/a><\/li>\n<li><a title=\"Poliklinika SUVAG Osijek\" href=\"http:\/\/www.poliklinika-suvag.hr\" target=\"_blank\" rel=\"noopener\">Poliklinika SUVAG &#8211; Osijek<\/a><\/li>\n<li><a title=\"Verbotonal - dr. Carl Asp\" href=\"http:\/\/verbotonal.utk.edu\" target=\"_blank\" rel=\"noopener\">Verbotonal &#8211; Rehabilitating the Brain through Optimal Listening and Spoken Language &#8211; dr. Carl Asp<\/a>\n<div><\/div>\n<\/li>\n<\/ul>\n<\/div>\n<p><\/p>","protected":false},"excerpt":{"rendered":"<p>Ministarstvo zdravstva i socijalne skrbi Republike Hrvatske Ministarstvo znanosti, obrazovanja i \u0161porta Hrvatski Zavod za zdravstveno osiguranje Grad Zagreb Klini\u010dki bolni\u010dki centar &#8220;Sestre milosrdnice&#8221; Medicinski fakultet Sveu\u010dili\u0161ta u Zagrebu Filozofski fakultet Sveu\u010dili\u0161ta u Zagrebu Edukacijsko rehabilitacijski fakultet Sveu\u010dili\u0161ta u Zagrebu Hrvatsko logopedsko dru\u0161tvo &#8211; HLD Poliklinika SUVAG &#8211; Osijek Verbotonal &hellip; <a href=\"http:\/\/www.suvag.hr\/en\/poveznice\/\">Cijeli tekst \/ Continue reading <span class=\"meta-nav\">&rarr;<\/span><\/a><\/p>\n","protected":false},"author":1,"featured_media":0,"parent":0,"menu_order":0,"comment_status":"closed","ping_status":"open","template":"","meta":[],"_links":{"self":[{"href":"http:\/\/www.suvag.hr\/en\/wp-json\/wp\/v2\/pages\/1145"}],"collection":[{"href":"http:\/\/www.suvag.hr\/en\/wp-json\/wp\/v2\/pages"}],"about":[{"href":"http:\/\/www.suvag.hr\/en\/wp-json\/wp\/v2\/types\/page"}],"author":[{"embeddable":true,"href":"http:\/\/www.suvag.hr\/en\/wp-json\/wp\/v2\/users\/1"}],"replies":[{"embeddable":true,"href":"http:\/\/www.suvag.hr\/en\/wp-json\/wp\/v2\/comments?post=1145"}],"version-history":[{"count":16,"href":"http:\/\/www.suvag.hr\/en\/wp-json\/wp\/v2\/pages\/1145\/revisions"}],"predecessor-version":[{"id":9135,"href":"http:\/\/www.suvag.hr\/en\/wp-json\/wp\/v2\/pages\/1145\/revisions\/9135"}],"wp:attachment":[{"href":"http:\/\/www.suvag.hr\/en\/wp-json\/wp\/v2\/media?parent=1145"}],"curies":[{"name":"wp","href":"https:\/\/api.w.org\/{rel}","templated":true}]}}