{"id":1117,"date":"2013-03-11T14:28:22","date_gmt":"2013-03-11T14:28:22","guid":{"rendered":"http:\/\/www.suvag.hr\/nova\/?page_id=1117"},"modified":"2013-10-29T10:15:14","modified_gmt":"2013-10-29T10:15:14","slug":"pjesma-poliklinike-suvag","status":"publish","type":"page","link":"http:\/\/www.suvag.hr\/en\/pjesma-poliklinike-suvag\/","title":{"rendered":"Song of the SUVAG Polyclinic"},"content":{"rendered":"<p><\/p>\n<p><em>\u00a0<\/em><\/p>\n<p><a title=\"Song of the SUVAG Polyclinic\" href=\"http:\/\/www.suvag.hr\/nova\/wp-content\/uploads\/u_suvag.mp3\" target=\"_blank\"><img loading=\"lazy\" alt=\"u_suvag\" src=\"http:\/\/www.suvag.hr\/nova\/wp-content\/uploads\/u_suvag.png\" width=\"195\" height=\"28\" \/><\/a><\/p>\n<p><strong>JAGODA LESKOVAR<\/strong> &#8211; text<br \/> <strong>BRANKO STARC<\/strong> &#8211; music<br \/> <strong>TONI ETEROVI\u0106<\/strong> &#8211; arrangement<\/p>\n<p>Soloists: <strong>Aisha Buhara<\/strong>, <strong>Hrvoje Filipi\u0107<\/strong>, <strong>Ivana Banjeglav<\/strong><\/p>\n<p align=\"center\">\u00a0<\/p>\n<h2 style=\"text-align: left;\" align=\"center\"><strong>U SUVAG<\/strong><\/h2>\n<p>\u00a0<\/p>\n<h3>U ti\u0161ini govor spava,<br \/> Bu\u0111enje je radost prava.<br \/> Radost, sre\u0107u ti osjeti,<br \/> U svijet zvukova poleti.<\/h3>\n<p>\u00a0<\/p>\n<h3>U SUVAG, u SUVAG<br \/> Putevi te vode,<br \/> U SUVAG, u SUVAG<br \/> Po svoj put slobode.<\/h3>\n<p>\u00a0<\/p>\n<h3>\u010citat, pisat bez po&#8217; muke,<br \/> Tu \u0107e\u0161 svladat &#8211; evo ruke!<br \/> Svojih snova ti se sjeti,<br \/> Razvij krila i poleti.<\/h3>\n<p>\u00a0<\/p>\n<h3>U SUVAG, u SUVAG<br \/> Putevi te vode,<br \/> U SUVAG, u SUVAG<br \/> Po svoj put slobode.<\/h3>\n<p>\u00a0<\/p>\n<h3>Strani jezik svladat glatko,<br \/> Svijet obi\u0107i \u017eeli svatko.<br \/> Zvijezda vodilja ti treba,<br \/> Da naraste\u0161 sve do neba.<\/h3>\n<p>\u00a0<\/p>\n<h3>U SUVAG, u SUVAG<br \/> Putevi te vode,<br \/> U SUVAG, u SUVAG<br \/> Po svoj put slobode.<\/h3>\n<p>\u00a0<\/p>\n<p><a title=\"Song of the SUVAG Polyclinic\" href=\"http:\/\/www.suvag.hr\/nova\/wp-content\/uploads\/u_suvag.mp3\" target=\"_blank\"><img loading=\"lazy\" alt=\"u_suvag\" src=\"http:\/\/www.suvag.hr\/nova\/wp-content\/uploads\/u_suvag.png\" width=\"195\" height=\"28\" \/><\/a><\/p>\n<p>\u00a0<\/p>\n<p><\/p>","protected":false},"excerpt":{"rendered":"<p>\u00a0 JAGODA LESKOVAR &#8211; text BRANKO STARC &#8211; music TONI ETEROVI\u0106 &#8211; arrangement Soloists: Aisha Buhara, Hrvoje Filipi\u0107, Ivana Banjeglav \u00a0 U SUVAG \u00a0 U ti\u0161ini govor spava, Bu\u0111enje je radost prava. Radost, sre\u0107u ti osjeti, U svijet zvukova poleti. \u00a0 U SUVAG, u SUVAG Putevi te vode, U SUVAG, &hellip; <a href=\"http:\/\/www.suvag.hr\/en\/pjesma-poliklinike-suvag\/\">Cijeli tekst \/ Continue reading <span class=\"meta-nav\">&rarr;<\/span><\/a><\/p>\n","protected":false},"author":1,"featured_media":0,"parent":0,"menu_order":0,"comment_status":"closed","ping_status":"closed","template":"","meta":[],"_links":{"self":[{"href":"http:\/\/www.suvag.hr\/en\/wp-json\/wp\/v2\/pages\/1117"}],"collection":[{"href":"http:\/\/www.suvag.hr\/en\/wp-json\/wp\/v2\/pages"}],"about":[{"href":"http:\/\/www.suvag.hr\/en\/wp-json\/wp\/v2\/types\/page"}],"author":[{"embeddable":true,"href":"http:\/\/www.suvag.hr\/en\/wp-json\/wp\/v2\/users\/1"}],"replies":[{"embeddable":true,"href":"http:\/\/www.suvag.hr\/en\/wp-json\/wp\/v2\/comments?post=1117"}],"version-history":[{"count":19,"href":"http:\/\/www.suvag.hr\/en\/wp-json\/wp\/v2\/pages\/1117\/revisions"}],"predecessor-version":[{"id":1958,"href":"http:\/\/www.suvag.hr\/en\/wp-json\/wp\/v2\/pages\/1117\/revisions\/1958"}],"wp:attachment":[{"href":"http:\/\/www.suvag.hr\/en\/wp-json\/wp\/v2\/media?parent=1117"}],"curies":[{"name":"wp","href":"https:\/\/api.w.org\/{rel}","templated":true}]}}