{"id":10464,"date":"2024-12-13T13:23:37","date_gmt":"2024-12-13T11:23:37","guid":{"rendered":"http:\/\/www.suvag.hr\/?page_id=10464"},"modified":"2024-12-13T15:26:20","modified_gmt":"2024-12-13T13:26:20","slug":"prijavnicavtseminar2024-2","status":"publish","type":"page","link":"http:\/\/www.suvag.hr\/en\/prijavnicavtseminar2024-2\/","title":{"rendered":"Verbotonalni seminari 2024. &#8211; II. dio"},"content":{"rendered":"<form  class=\"kaliforms-form-container bootstrap-wrapper  \" data-form-id=\"10463\" style=\"opacity:0\"><h3>(duplicate) (duplicate) (duplicate) (duplicate) (duplicate)<\/h3><div id=\"kaliforms-global-error-message-10463\" class=\"global-error-message\"><\/div><div class=\"row kali-form-field-row\"><div class=\"col-12 col-md-6 \"><label  for=\"first-name\">Ime <span class=\"kali-required-mark\">*<\/span><\/label><input  data-internal-id=\"textbox2\" type=\"text\" id=\"first-name\" name=\"first-name\" data-properties.type=\"text\" required ><\/div><div class=\"col-12 col-md-6 \"><label  for=\"last-name\">Prezime <span class=\"kali-required-mark\">*<\/span><\/label><input  data-internal-id=\"textbox3\" type=\"text\" id=\"last-name\" name=\"last-name\" data-properties.type=\"text\" required ><\/div><\/div><div class=\"row kali-form-field-row\"><div class=\"col-12 col-md-12 \"><label  for=\"textbox10\">Stru\u010dna sprema <span class=\"kali-required-mark\">*<\/span><\/label><input  data-internal-id=\"textbox10\" type=\"text\" id=\"textbox10\" name=\"SS\" data-properties.type=\"text\" required ><\/div><\/div><div class=\"row kali-form-field-row\"><div class=\"col-12 col-md-12 \"><label  for=\"textbox101112\">Fakultet <span class=\"kali-required-mark\">*<\/span><\/label><input  data-internal-id=\"textbox12\" type=\"text\" id=\"textbox101112\" name=\"FAK\" data-properties.type=\"text\" required ><\/div><\/div><div class=\"row kali-form-field-row\"><div class=\"col-12 col-md-12 \"><label  for=\"textbox10111213\">Smjer <span class=\"kali-required-mark\">*<\/span><\/label><input  data-internal-id=\"textbox13\" type=\"text\" id=\"textbox10111213\" name=\"SMJER\" data-properties.type=\"text\" required ><\/div><\/div><div class=\"row kali-form-field-row\"><div class=\"col-12 col-md-12 \"><label class=\"radio-label\" style=\"margin-bottom:15px;display:inline-block\"><\/label><label class=\"radio-label\"><input  data-internal-id=\"radio14\" type=\"radio\" id=\"radio140\" name=\"ZN\" data-flow=\"vertical\"  class=\"input\" checked value=\"Da\">Zaposlen\/a<\/label><label class=\"radio-label\"><input  data-internal-id=\"radio14\" type=\"radio\" id=\"radio141\" name=\"ZN\" data-flow=\"vertical\"  class=\"input\"  value=\"Ne\">Nezaposlen\/a<\/label><\/div><\/div><div class=\"row kali-form-field-row\"><div class=\"col-12 col-md-12 \"><label class=\"radio-label\" style=\"margin-bottom:15px;display:inline-block\"><\/label><label class=\"radio-label\"><input  data-internal-id=\"radio15\" type=\"radio\" id=\"radio-150\" name=\"modul\" data-flow=\"vertical\"  class=\"input\"  value=\"Verbotonalni pristup odgoju i obrazovanju djece o\u0161te\u0107ena sluha i\/ili govora - 7.2. - 16.5.2025.\">Verbotonalni pristup odgoju i obrazovanju djece o\u0161te\u0107ena sluha i\/ili govora - 7.2. - 16.5.2025.<\/label><label class=\"radio-label\"><input  data-internal-id=\"radio15\" type=\"radio\" id=\"radio-151\" name=\"modul\" data-flow=\"vertical\"  class=\"input\"  value=\"Verbotonalna rehabilitacija osoba s govorno-jezi\u010dnim te\u0161ko\u0107ama - 7.2. - 22.5.2025.\">Verbotonalna rehabilitacija osoba s govorno-jezi\u010dnim te\u0161ko\u0107ama - 7.2. - 22.5.2025.<\/label><\/div><\/div><div class=\"row kali-form-field-row\"><div class=\"col-12 col-md-12 \"><label  for=\"textbox7\">Ku\u0107na adresa:<\/label><input  data-internal-id=\"textbox7\" type=\"text\" id=\"textbox7\" name=\"KA\" data-properties.type=\"text\" ><\/div><\/div><div class=\"row kali-form-field-row\"><div class=\"col-12 col-md-12 \"><label  for=\"textbox78\">Telefon:<\/label><input  data-internal-id=\"textbox8\" type=\"text\" id=\"textbox78\" name=\"TELEFON\" data-properties.type=\"text\" ><\/div><\/div><div class=\"row kali-form-field-row\"><div class=\"col-12 col-md-12 \"><label  for=\"email\">Email <span class=\"kali-required-mark\">*<\/span><\/label><input  data-internal-id=\"textbox4\" type=\"text\" id=\"email\" name=\"email\" data-properties.type=\"text\" required ><\/div><\/div><div class=\"row kali-form-field-row\"><div class=\"col-12 col-md-12 \"><label  for=\"message\">Poruka<\/label><textarea  data-internal-id=\"textarea5\" type=\"textarea\" id=\"message\" name=\"PORUKA\" rows=\"5\" class=\"input\"><\/textarea><\/div><\/div><div class=\"row kali-form-field-row\"><div class=\"col-12 col-md-12 \"><div id=\"grecaptcha9\" data-field-type=\"grecaptcha\" data-sitekey=\"6LfNWlMaAAAAAE0CLKhzyhiEQrHUOW801lF-O3jK\"><\/div><\/div><\/div><div class=\"row kali-form-field-row\"><div class=\"col-12 col-md-12 \"><input  data-internal-id=\"submitbutton6\" type=\"submit\" id=\"submit\" data-style=\"default\"  class=\"input\" value=\"Send message\" ><\/div><\/div><label class=\"khpfield\" for=\"kf-name-field\"><input class=\"khpfield\" id=\"kf-name-field\" name=\"kf-name-field\" autocomplete=\"off\" type=\"textbox\" \/><\/label><label class=\"khpfield\" for=\"kf-email-field\"><input class=\"khpfield\" id=\"kf-email-field\" name=\"kf-email-field\" autocomplete=\"off\" type=\"textbox\" \/><\/label><input type=\"hidden\" name=\"ip_address\" readonly value=\"10.3.226.63\" \/><!-- This form was built using Kali Forms --><\/form>\n","protected":false},"excerpt":{"rendered":"","protected":false},"author":1,"featured_media":0,"parent":0,"menu_order":0,"comment_status":"closed","ping_status":"closed","template":"","meta":[],"_links":{"self":[{"href":"http:\/\/www.suvag.hr\/en\/wp-json\/wp\/v2\/pages\/10464"}],"collection":[{"href":"http:\/\/www.suvag.hr\/en\/wp-json\/wp\/v2\/pages"}],"about":[{"href":"http:\/\/www.suvag.hr\/en\/wp-json\/wp\/v2\/types\/page"}],"author":[{"embeddable":true,"href":"http:\/\/www.suvag.hr\/en\/wp-json\/wp\/v2\/users\/1"}],"replies":[{"embeddable":true,"href":"http:\/\/www.suvag.hr\/en\/wp-json\/wp\/v2\/comments?post=10464"}],"version-history":[{"count":4,"href":"http:\/\/www.suvag.hr\/en\/wp-json\/wp\/v2\/pages\/10464\/revisions"}],"predecessor-version":[{"id":10478,"href":"http:\/\/www.suvag.hr\/en\/wp-json\/wp\/v2\/pages\/10464\/revisions\/10478"}],"wp:attachment":[{"href":"http:\/\/www.suvag.hr\/en\/wp-json\/wp\/v2\/media?parent=10464"}],"curies":[{"name":"wp","href":"https:\/\/api.w.org\/{rel}","templated":true}]}}