{"id":10191,"date":"2024-10-18T08:46:38","date_gmt":"2024-10-18T06:46:38","guid":{"rendered":"http:\/\/www.suvag.hr\/?page_id=10191"},"modified":"2024-12-18T15:59:20","modified_gmt":"2024-12-18T13:59:20","slug":"n-neurolog","status":"publish","type":"page","link":"http:\/\/www.suvag.hr\/en\/n-neurolog\/","title":{"rendered":"NEUROLOGIJA &#8211; naru\u010divanje"},"content":{"rendered":"<style>\ntable, td, th {<br \/>\n  border: 3px solid #ddd;<br \/>\n  text-align: left;<br \/>\n}<br \/>\n<\/style>\n<table>\n<tbody>\n<tr>\n<td>\n<h2><a href=\"\/n-neurolog-pregled\">\u2022 SPECIJALISTI\u010cKI PREGLED NEUROLOGA &#8211; DJECA S NAVR\u0160ENIH 6 GODINA I VI\u0160E TE ODRASLI<\/a><\/h2>\n<\/td>\n<\/tr>\n<tr>\n<td>\n<h2><a href=\"\/n-neurolog-eeg\">\u2022 EEG U BUDNOSTI SA CEREBRALNOM KARTOGRAFIJOM \u2013 DJECA S NAVR\u0160ENIH 6 GODINA I VI\u0160E TE ODRASLI<\/a><\/h2>\n<\/td>\n<\/tr>\n<tr>\n<td>\n<h2><a href=\"\/n-neurolog-vep\">\u2022 VEP (VIDNI EVOCIRANI POTENCIJALI) \u2013 DJECA S NAVR\u0160ENIH 6 GODINA I VI\u0160E TE ODRASLI<\/a><\/h2>\n<\/td>\n<\/tr>\n<\/tbody>\n<\/table>\n","protected":false},"excerpt":{"rendered":"<p>\u2022 SPECIJALISTI\u010cKI PREGLED NEUROLOGA &#8211; DJECA S NAVR\u0160ENIH 6 GODINA I VI\u0160E TE ODRASLI \u2022 EEG U BUDNOSTI SA CEREBRALNOM KARTOGRAFIJOM \u2013 DJECA S NAVR\u0160ENIH 6 GODINA I VI\u0160E TE ODRASLI \u2022 VEP (VIDNI EVOCIRANI POTENCIJALI) \u2013 DJECA S NAVR\u0160ENIH 6 GODINA I VI\u0160E TE ODRASLI<\/p>\n","protected":false},"author":1,"featured_media":0,"parent":0,"menu_order":0,"comment_status":"closed","ping_status":"closed","template":"","meta":[],"_links":{"self":[{"href":"http:\/\/www.suvag.hr\/en\/wp-json\/wp\/v2\/pages\/10191"}],"collection":[{"href":"http:\/\/www.suvag.hr\/en\/wp-json\/wp\/v2\/pages"}],"about":[{"href":"http:\/\/www.suvag.hr\/en\/wp-json\/wp\/v2\/types\/page"}],"author":[{"embeddable":true,"href":"http:\/\/www.suvag.hr\/en\/wp-json\/wp\/v2\/users\/1"}],"replies":[{"embeddable":true,"href":"http:\/\/www.suvag.hr\/en\/wp-json\/wp\/v2\/comments?post=10191"}],"version-history":[{"count":3,"href":"http:\/\/www.suvag.hr\/en\/wp-json\/wp\/v2\/pages\/10191\/revisions"}],"predecessor-version":[{"id":10507,"href":"http:\/\/www.suvag.hr\/en\/wp-json\/wp\/v2\/pages\/10191\/revisions\/10507"}],"wp:attachment":[{"href":"http:\/\/www.suvag.hr\/en\/wp-json\/wp\/v2\/media?parent=10191"}],"curies":[{"name":"wp","href":"https:\/\/api.w.org\/{rel}","templated":true}]}}