{"id":10189,"date":"2024-10-18T08:40:34","date_gmt":"2024-10-18T06:40:34","guid":{"rendered":"http:\/\/www.suvag.hr\/?page_id=10189"},"modified":"2024-12-18T15:59:49","modified_gmt":"2024-12-18T13:59:49","slug":"n-neurolog-vep","status":"publish","type":"page","link":"http:\/\/www.suvag.hr\/en\/n-neurolog-vep\/","title":{"rendered":"VEP (VIDNI EVOCIRANI POTENCIJALI) \u2013 ODRASLI &#8211; naru\u010divanje"},"content":{"rendered":"<ul>\n<li><strong>posredstvom izabranog lije\u010dnika (e-naru\u010divanje) <\/strong>\u2013 (uputnica A3, \u0161ifra djelatnosti 2060000, neurologija)<\/li>\n<li><strong>e-mailom: <\/strong><a href=\"mailto:neuro@suvag.hr\">neuro@suvag.hr<\/a> \u2013 (navesti ime i prezime, MBO \u2013 mati\u010dni broj osiguranika s zdravstvene iskaznice, te kontakt broj)<\/li>\n<li><strong>telefonom <\/strong>na broj: +385-1-4629 633 od 8 do 19h.<\/li>\n<\/ul>\n<p>* Prilikom naru\u010divanja na dijagnosti\u010dke preglede i pretrage obavezno je dostaviti Povijest bolesti putem emaila. Molimo Vas da se naru\u010dujete samo na jedan od ponu\u0111enih na\u010dina.<\/p>\n","protected":false},"excerpt":{"rendered":"<p>posredstvom izabranog lije\u010dnika (e-naru\u010divanje) \u2013 (uputnica A3, \u0161ifra djelatnosti 2060000, neurologija) e-mailom: neuro@suvag.hr \u2013 (navesti ime i prezime, MBO \u2013 mati\u010dni broj osiguranika s zdravstvene iskaznice, te kontakt broj) telefonom na broj: +385-1-4629 633 od 8 do 19h. * Prilikom naru\u010divanja na dijagnosti\u010dke preglede i pretrage obavezno je dostaviti Povijest &hellip; <a href=\"http:\/\/www.suvag.hr\/en\/n-neurolog-vep\/\">Cijeli tekst \/ Continue reading <span class=\"meta-nav\">&rarr;<\/span><\/a><\/p>\n","protected":false},"author":1,"featured_media":0,"parent":0,"menu_order":0,"comment_status":"closed","ping_status":"closed","template":"","meta":[],"_links":{"self":[{"href":"http:\/\/www.suvag.hr\/en\/wp-json\/wp\/v2\/pages\/10189"}],"collection":[{"href":"http:\/\/www.suvag.hr\/en\/wp-json\/wp\/v2\/pages"}],"about":[{"href":"http:\/\/www.suvag.hr\/en\/wp-json\/wp\/v2\/types\/page"}],"author":[{"embeddable":true,"href":"http:\/\/www.suvag.hr\/en\/wp-json\/wp\/v2\/users\/1"}],"replies":[{"embeddable":true,"href":"http:\/\/www.suvag.hr\/en\/wp-json\/wp\/v2\/comments?post=10189"}],"version-history":[{"count":2,"href":"http:\/\/www.suvag.hr\/en\/wp-json\/wp\/v2\/pages\/10189\/revisions"}],"predecessor-version":[{"id":10510,"href":"http:\/\/www.suvag.hr\/en\/wp-json\/wp\/v2\/pages\/10189\/revisions\/10510"}],"wp:attachment":[{"href":"http:\/\/www.suvag.hr\/en\/wp-json\/wp\/v2\/media?parent=10189"}],"curies":[{"name":"wp","href":"https:\/\/api.w.org\/{rel}","templated":true}]}}